{"id":6403,"date":"2020-09-24T19:38:28","date_gmt":"2020-09-24T19:38:28","guid":{"rendered":"https:\/\/4linux.com.br\/cursos\/?page_id=6403"},"modified":"2020-09-24T20:52:37","modified_gmt":"2020-09-24T20:52:37","slug":"agradecimento-sob-demanda","status":"publish","type":"page","link":"https:\/\/4linux.com.br\/cursos\/agradecimento-sob-demanda\/","title":{"rendered":"Agradecimento Sob Demanda"},"content":{"rendered":"\t\t<div data-elementor-type=\"wp-page\" data-elementor-id=\"6403\" class=\"elementor elementor-6403\" data-elementor-post-type=\"page\">\n\t\t\t\t\t\t<section class=\"elementor-section elementor-top-section elementor-element elementor-element-989273d elementor-section-height-min-height elementor-section-full_width elementor-section-items-stretch elementor-section-height-default\" data-id=\"989273d\" data-element_type=\"section\" data-e-type=\"section\" data-settings=\"{&quot;background_background&quot;:&quot;classic&quot;}\">\n\t\t\t\t\t\t<div class=\"elementor-container elementor-column-gap-default\">\n\t\t\t\t\t<div class=\"elementor-column elementor-col-50 elementor-top-column elementor-element elementor-element-8965ad7\" data-id=\"8965ad7\" data-element_type=\"column\" data-e-type=\"column\" data-settings=\"{&quot;background_background&quot;:&quot;classic&quot;}\">\n\t\t\t<div class=\"elementor-widget-wrap elementor-element-populated\">\n\t\t\t\t\t\t<div class=\"elementor-element elementor-element-2810a2c elementor-widget elementor-widget-heading\" data-id=\"2810a2c\" data-element_type=\"widget\" data-e-type=\"widget\" data-widget_type=\"heading.default\">\n\t\t\t\t<div class=\"elementor-widget-container\">\n\t\t\t\t\t<h2 class=\"elementor-heading-title elementor-size-default\">Obrigado pelo seu interesse nos cursos da 4Linux.<\/h2>\t\t\t\t<\/div>\n\t\t\t\t<\/div>\n\t\t\t\t<div class=\"elementor-element elementor-element-b0d97eb elementor-widget elementor-widget-text-editor\" data-id=\"b0d97eb\" data-element_type=\"widget\" data-e-type=\"widget\" data-widget_type=\"text-editor.default\">\n\t\t\t\t<div class=\"elementor-widget-container\">\n\t\t\t\t\t\t\t\t\t<p>Ficamos felizes que queira fazer parte da transforma\u00e7\u00e3o do mundo open-source.<\/p>\t\t\t\t\t\t\t\t<\/div>\n\t\t\t\t<\/div>\n\t\t\t\t<div class=\"elementor-element elementor-element-4242be1 elementor-widget elementor-widget-text-editor\" data-id=\"4242be1\" data-element_type=\"widget\" data-e-type=\"widget\" data-widget_type=\"text-editor.default\">\n\t\t\t\t<div class=\"elementor-widget-container\">\n\t\t\t\t\t\t\t\t\t<p>Te enviamos um e-mail, pois este treinamento s\u00f3 \u00e9 realizado SOB DEMANDA para turmas fechadas, geralmente \u2018InCompany, este sendo seu caso, responda o e-mail e nosso consultor entrar\u00e1 em contato para entender melhor sua demanda.<\/p>\t\t\t\t\t\t\t\t<\/div>\n\t\t\t\t<\/div>\n\t\t\t\t\t<\/div>\n\t\t<\/div>\n\t\t\t\t<div class=\"elementor-column elementor-col-50 elementor-top-column elementor-element elementor-element-298b644\" data-id=\"298b644\" data-element_type=\"column\" data-e-type=\"column\" data-settings=\"{&quot;background_background&quot;:&quot;classic&quot;}\">\n\t\t\t<div class=\"elementor-widget-wrap elementor-element-populated\">\n\t\t\t\t\t\t<div class=\"elementor-element elementor-element-909162f elementor-widget elementor-widget-spacer\" data-id=\"909162f\" data-element_type=\"widget\" data-e-type=\"widget\" data-widget_type=\"spacer.default\">\n\t\t\t\t<div class=\"elementor-widget-container\">\n\t\t\t\t\t\t\t<div class=\"elementor-spacer\">\n\t\t\t<div class=\"elementor-spacer-inner\"><\/div>\n\t\t<\/div>\n\t\t\t\t\t\t<\/div>\n\t\t\t\t<\/div>\n\t\t\t\t\t<\/div>\n\t\t<\/div>\n\t\t\t\t\t<\/div>\n\t\t<\/section>\n\t\t\t\t<section class=\"elementor-section elementor-top-section elementor-element elementor-element-0e8ada0 elementor-section-height-min-height elementor-section-boxed elementor-section-height-default elementor-section-items-middle\" data-id=\"0e8ada0\" data-element_type=\"section\" data-e-type=\"section\" data-settings=\"{&quot;background_background&quot;:&quot;classic&quot;}\">\n\t\t\t\t\t\t<div class=\"elementor-container elementor-column-gap-default\">\n\t\t\t\t\t<div class=\"elementor-column elementor-col-50 elementor-top-column elementor-element elementor-element-6c5039b\" data-id=\"6c5039b\" data-element_type=\"column\" data-e-type=\"column\">\n\t\t\t<div class=\"elementor-widget-wrap elementor-element-populated\">\n\t\t\t\t\t\t<div class=\"elementor-element elementor-element-76c13e2 elementor-position-inline-start elementor-view-default elementor-mobile-position-block-start elementor-widget elementor-widget-icon-box\" data-id=\"76c13e2\" data-element_type=\"widget\" data-e-type=\"widget\" data-widget_type=\"icon-box.default\">\n\t\t\t\t<div class=\"elementor-widget-container\">\n\t\t\t\t\t\t\t<div class=\"elementor-icon-box-wrapper\">\n\n\t\t\t\t\t\t<div class=\"elementor-icon-box-icon\">\n\t\t\t\t<span  class=\"elementor-icon\">\n\t\t\t\t<svg xmlns=\"http:\/\/www.w3.org\/2000\/svg\" viewBox=\"0 0 130.15 130.15\"><defs><style>.cls-1{fill:#00aab0;}.cls-2{fill:#2b3035;}<\/style><\/defs><g id=\"Camada_2\" data-name=\"Camada 2\"><g id=\"Camada_1-2\" data-name=\"Camada 1\"><path class=\"cls-1\" d=\"M59.75,86.62h0a2.53,2.53,0,0,1-1.77-.77L30.51,57.28a2.5,2.5,0,0,1,3.61-3.46L59.8,80.57,124,17.94a2.5,2.5,0,0,1,3.49,3.58l-66,64.39A2.46,2.46,0,0,1,59.75,86.62Z\"><\/path><path class=\"cls-2\" d=\"M65.08,130.15A65.08,65.08,0,1,1,65.08,0c1.85,0,3.72.08,5.57.24a2.5,2.5,0,0,1-.42,5C68.52,5.07,66.79,5,65.08,5a60.08,60.08,0,1,0,60.07,60.08c0-1.31,0-2.63-.13-3.92a2.5,2.5,0,0,1,5-.33c.09,1.41.14,2.83.14,4.25A65.14,65.14,0,0,1,65.08,130.15Z\"><\/path><\/g><\/g><\/svg>\t\t\t\t<\/span>\n\t\t\t<\/div>\n\t\t\t\n\t\t\t\t\t\t<div class=\"elementor-icon-box-content\">\n\n\t\t\t\t\n\t\t\t\t\t\t\t\t\t<p class=\"elementor-icon-box-description\">\n\t\t\t\t\t\tConfira no seu e-mail o link para voc\u00ea acessar as informa\u00e7\u00f5es de PRE\u00c7OS e DATAS dos cursos que voc\u00ea se interessou.\t\t\t\t\t<\/p>\n\t\t\t\t\n\t\t\t<\/div>\n\t\t\t\n\t\t<\/div>\n\t\t\t\t\t\t<\/div>\n\t\t\t\t<\/div>\n\t\t\t\t\t<\/div>\n\t\t<\/div>\n\t\t\t\t<div class=\"elementor-column elementor-col-50 elementor-top-column elementor-element elementor-element-a624b97\" data-id=\"a624b97\" data-element_type=\"column\" data-e-type=\"column\">\n\t\t\t<div class=\"elementor-widget-wrap elementor-element-populated\">\n\t\t\t\t\t\t<div class=\"elementor-element elementor-element-287ca5f elementor-position-inline-start elementor-view-default elementor-mobile-position-block-start elementor-widget elementor-widget-icon-box\" data-id=\"287ca5f\" data-element_type=\"widget\" data-e-type=\"widget\" data-widget_type=\"icon-box.default\">\n\t\t\t\t<div class=\"elementor-widget-container\">\n\t\t\t\t\t\t\t<div class=\"elementor-icon-box-wrapper\">\n\n\t\t\t\t\t\t<div class=\"elementor-icon-box-icon\">\n\t\t\t\t<span  class=\"elementor-icon\">\n\t\t\t\t<svg xmlns=\"http:\/\/www.w3.org\/2000\/svg\" viewBox=\"0 0 124.55 95.72\"><defs><style>.cls-1{fill:#2b3035;}.cls-2{fill:#00aab0;}<\/style><\/defs><g id=\"Camada_2\" data-name=\"Camada 2\"><g id=\"Camada_1-2\" data-name=\"Camada 1\"><path class=\"cls-1\" d=\"M117.8,95.72H6.75A6.76,6.76,0,0,1,0,89V6.75A6.76,6.76,0,0,1,6.75,0H117.8a6.76,6.76,0,0,1,6.75,6.75V89A6.76,6.76,0,0,1,117.8,95.72ZM6.75,4.12A2.63,2.63,0,0,0,4.12,6.75V89A2.63,2.63,0,0,0,6.75,91.6H117.8A2.63,2.63,0,0,0,120.43,89V6.75a2.63,2.63,0,0,0-2.63-2.63Z\"><\/path><path class=\"cls-2\" d=\"M62.28,46.42a2.05,2.05,0,0,1-1.14-.34L9.38,12a2.06,2.06,0,1,1,2.26-3.44L62.27,41.89,112.81,8.52A2.06,2.06,0,1,1,115.08,12L63.41,46.08A2,2,0,0,1,62.28,46.42Z\"><\/path><\/g><\/g><\/svg>\t\t\t\t<\/span>\n\t\t\t<\/div>\n\t\t\t\n\t\t\t\t\t\t<div class=\"elementor-icon-box-content\">\n\n\t\t\t\t\n\t\t\t\t\t\t\t\t\t<p class=\"elementor-icon-box-description\">\n\t\t\t\t\t\tCaso n\u00e3o veja o e-mail na sua caixa de entrada, procure-o, por favor, na caixa de SPAM ou PROMO\u00c7\u00d5ES.\t\t\t\t\t<\/p>\n\t\t\t\t\n\t\t\t<\/div>\n\t\t\t\n\t\t<\/div>\n\t\t\t\t\t\t<\/div>\n\t\t\t\t<\/div>\n\t\t\t\t\t<\/div>\n\t\t<\/div>\n\t\t\t\t\t<\/div>\n\t\t<\/section>\n\t\t\t\t<section class=\"elementor-section elementor-top-section elementor-element elementor-element-eb82abb elementor-section-height-min-height elementor-section-boxed elementor-section-height-default elementor-section-items-middle\" data-id=\"eb82abb\" data-element_type=\"section\" data-e-type=\"section\" data-settings=\"{&quot;background_background&quot;:&quot;classic&quot;}\">\n\t\t\t\t\t\t<div class=\"elementor-container elementor-column-gap-default\">\n\t\t\t\t\t<div class=\"elementor-column elementor-col-100 elementor-top-column elementor-element elementor-element-22512b5\" data-id=\"22512b5\" data-element_type=\"column\" data-e-type=\"column\">\n\t\t\t<div class=\"elementor-widget-wrap elementor-element-populated\">\n\t\t\t\t\t\t<div class=\"elementor-element elementor-element-2e853bc elementor-widget elementor-widget-heading\" data-id=\"2e853bc\" data-element_type=\"widget\" data-e-type=\"widget\" data-widget_type=\"heading.default\">\n\t\t\t\t<div class=\"elementor-widget-container\">\n\t\t\t\t\t<h2 class=\"elementor-heading-title elementor-size-default\">Confie na 4Linux<\/h2>\t\t\t\t<\/div>\n\t\t\t\t<\/div>\n\t\t\t\t<div class=\"elementor-element elementor-element-881e830 elementor-widget elementor-widget-text-editor\" data-id=\"881e830\" data-element_type=\"widget\" data-e-type=\"widget\" data-widget_type=\"text-editor.default\">\n\t\t\t\t<div class=\"elementor-widget-container\">\n\t\t\t\t\t\t\t\t\t<p class=\"Textbody\">\u00danico centro de treinamento do Brasil onde o professor tamb\u00e9m \u00e9 consultor.<\/p><p class=\"Textbody\">Desde 2001 focada em Linux e Open Source.<\/p><p class=\"Textbody\">Podemos transformar a sua carreira. Colocar um curso da 4Linux em seu curr\u00edculo faz toda a diferen\u00e7a.<\/p>\t\t\t\t\t\t\t\t<\/div>\n\t\t\t\t<\/div>\n\t\t\t\t<section class=\"elementor-section elementor-inner-section elementor-element elementor-element-47281bc elementor-section-boxed elementor-section-height-default elementor-section-height-default\" data-id=\"47281bc\" data-element_type=\"section\" data-e-type=\"section\">\n\t\t\t\t\t\t<div class=\"elementor-container elementor-column-gap-default\">\n\t\t\t\t\t<div class=\"elementor-column elementor-col-33 elementor-inner-column elementor-element elementor-element-12d249b\" data-id=\"12d249b\" data-element_type=\"column\" data-e-type=\"column\">\n\t\t\t<div class=\"elementor-widget-wrap\">\n\t\t\t\t\t\t\t<\/div>\n\t\t<\/div>\n\t\t\t\t<div class=\"elementor-column elementor-col-33 elementor-inner-column elementor-element elementor-element-b9c089d\" data-id=\"b9c089d\" data-element_type=\"column\" data-e-type=\"column\">\n\t\t\t<div class=\"elementor-widget-wrap elementor-element-populated\">\n\t\t\t\t\t\t<div class=\"elementor-element elementor-element-ed16b90 elementor-widget elementor-widget-video\" data-id=\"ed16b90\" data-element_type=\"widget\" data-e-type=\"widget\" data-settings=\"{&quot;youtube_url&quot;:&quot;https:\\\/\\\/www.youtube.com\\\/watch?v=viRbshcNFtI&amp;t=15s&quot;,&quot;show_image_overlay&quot;:&quot;yes&quot;,&quot;image_overlay&quot;:{&quot;url&quot;:&quot;https:\\\/\\\/4linux.com.br\\\/consultoria\\\/wp-content\\\/uploads\\\/sites\\\/3\\\/2020\\\/06\\\/THUMBAIL-NOVA-1.jpg&quot;,&quot;id&quot;:&quot;1422&quot;,&quot;size&quot;:&quot;&quot;},&quot;lightbox&quot;:&quot;yes&quot;,&quot;autoplay&quot;:&quot;yes&quot;,&quot;lazy_load&quot;:&quot;yes&quot;,&quot;play_on_mobile&quot;:&quot;yes&quot;,&quot;video_type&quot;:&quot;youtube&quot;}\" data-widget_type=\"video.default\">\n\t\t\t\t<div class=\"elementor-widget-container\">\n\t\t\t\t\t\t\t<div class=\"elementor-wrapper elementor-open-lightbox\">\n\t\t\t\t\t\t\t<div class=\"elementor-custom-embed-image-overlay\" data-elementor-open-lightbox=\"yes\" data-elementor-lightbox=\"{&quot;type&quot;:&quot;video&quot;,&quot;videoType&quot;:&quot;youtube&quot;,&quot;url&quot;:&quot;https:\\\/\\\/www.youtube.com\\\/embed\\\/viRbshcNFtI?feature=oembed&amp;start&amp;end&amp;wmode=opaque&amp;loop=0&amp;controls=0&amp;mute=0&amp;rel=0&amp;cc_load_policy=0&quot;,&quot;autoplay&quot;:&quot;yes&quot;,&quot;modalOptions&quot;:{&quot;id&quot;:&quot;elementor-lightbox-ed16b90&quot;,&quot;entranceAnimation&quot;:&quot;&quot;,&quot;entranceAnimation_tablet&quot;:&quot;&quot;,&quot;entranceAnimation_mobile&quot;:&quot;&quot;,&quot;videoAspectRatio&quot;:&quot;169&quot;}}\" data-e-action-hash=\"#elementor-action%3Aaction%3Dlightbox%26settings%3DeyJ0eXBlIjoidmlkZW8iLCJ2aWRlb1R5cGUiOiJ5b3V0dWJlIiwidXJsIjoiaHR0cHM6XC9cL3d3dy55b3V0dWJlLmNvbVwvZW1iZWRcL3ZpUmJzaGNORnRJP2ZlYXR1cmU9b2VtYmVkJnN0YXJ0JmVuZCZ3bW9kZT1vcGFxdWUmbG9vcD0wJmNvbnRyb2xzPTAmbXV0ZT0wJnJlbD0wJmNjX2xvYWRfcG9saWN5PTAiLCJhdXRvcGxheSI6InllcyIsIm1vZGFsT3B0aW9ucyI6eyJpZCI6ImVsZW1lbnRvci1saWdodGJveC1lZDE2YjkwIiwiZW50cmFuY2VBbmltYXRpb24iOiIiLCJlbnRyYW5jZUFuaW1hdGlvbl90YWJsZXQiOiIiLCJlbnRyYW5jZUFuaW1hdGlvbl9tb2JpbGUiOiIiLCJ2aWRlb0FzcGVjdFJhdGlvIjoiMTY5In19\">\n\t\t\t\t\t\t\t\t\t\t\t<img decoding=\"async\" src=\"https:\/\/4linux.com.br\/consultoria\/wp-content\/uploads\/sites\/3\/2020\/06\/THUMBAIL-NOVA-1.jpg\" title=\"\" alt=\"\" loading=\"lazy\" \/>\t\t\t\t\t\t\t\t\t\t\t\t\t\t<\/div>\n\t\t\t\t\t<\/div>\n\t\t\t\t\t\t<\/div>\n\t\t\t\t<\/div>\n\t\t\t\t\t<\/div>\n\t\t<\/div>\n\t\t\t\t<div class=\"elementor-column elementor-col-33 elementor-inner-column elementor-element elementor-element-020702a\" data-id=\"020702a\" data-element_type=\"column\" data-e-type=\"column\">\n\t\t\t<div class=\"elementor-widget-wrap\">\n\t\t\t\t\t\t\t<\/div>\n\t\t<\/div>\n\t\t\t\t\t<\/div>\n\t\t<\/section>\n\t\t\t\t\t<\/div>\n\t\t<\/div>\n\t\t\t\t\t<\/div>\n\t\t<\/section>\n\t\t\t\t<\/div>\n\t\t","protected":false},"excerpt":{"rendered":"<p>Obrigado pelo seu interesse nos cursos da 4Linux. Ficamos felizes que queira fazer parte da transforma\u00e7\u00e3o do mundo open-source. Te enviamos um e-mail, pois este treinamento s\u00f3 \u00e9 realizado SOB DEMANDA para turmas fechadas, geralmente \u2018InCompany, este sendo seu caso, responda o e-mail e nosso consultor entrar\u00e1 em contato para entender melhor sua demanda. .cls-1{fill:#00aab0;}.cls-2{fill:#2b3035;} [&hellip;]<\/p>\n","protected":false},"author":2,"featured_media":0,"parent":0,"menu_order":0,"comment_status":"closed","ping_status":"closed","template":"elementor_header_footer","meta":{"_acf_changed":false,"footnotes":""},"categories":[],"class_list":["post-6403","page","type-page","status-publish","hentry"],"acf":[],"yoast_head":"<!-- This site is optimized with the Yoast SEO plugin v27.3 - https:\/\/yoast.com\/product\/yoast-seo-wordpress\/ -->\n<title>Agradecimento Sob Demanda - Cursos 4Linux<\/title>\n<meta name=\"robots\" content=\"index, follow, max-snippet:-1, max-image-preview:large, max-video-preview:-1\" \/>\n<link rel=\"canonical\" href=\"https:\/\/4linux.com.br\/cursos\/agradecimento-sob-demanda\/\" \/>\n<meta property=\"og:locale\" content=\"pt_BR\" \/>\n<meta property=\"og:type\" content=\"article\" \/>\n<meta property=\"og:title\" content=\"Agradecimento Sob Demanda - Cursos 4Linux\" \/>\n<meta property=\"og:description\" content=\"Obrigado pelo seu interesse nos cursos da 4Linux. Ficamos felizes que queira fazer parte da transforma\u00e7\u00e3o do mundo open-source. Te enviamos um e-mail, pois este treinamento s\u00f3 \u00e9 realizado SOB DEMANDA para turmas fechadas, geralmente \u2018InCompany, este sendo seu caso, responda o e-mail e nosso consultor entrar\u00e1 em contato para entender melhor sua demanda. .cls-1{fill:#00aab0;}.cls-2{fill:#2b3035;} [&hellip;]\" \/>\n<meta property=\"og:url\" content=\"https:\/\/4linux.com.br\/cursos\/agradecimento-sob-demanda\/\" \/>\n<meta property=\"og:site_name\" content=\"Cursos 4Linux\" \/>\n<meta property=\"article:modified_time\" content=\"2020-09-24T20:52:37+00:00\" \/>\n<meta name=\"twitter:card\" content=\"summary_large_image\" \/>\n<meta name=\"twitter:label1\" content=\"Est. tempo de leitura\" \/>\n\t<meta name=\"twitter:data1\" content=\"1 minuto\" \/>\n<script type=\"application\/ld+json\" class=\"yoast-schema-graph\">{\"@context\":\"https:\\\/\\\/schema.org\",\"@graph\":[{\"@type\":\"WebPage\",\"@id\":\"https:\\\/\\\/4linux.com.br\\\/cursos\\\/agradecimento-sob-demanda\\\/\",\"url\":\"https:\\\/\\\/4linux.com.br\\\/cursos\\\/agradecimento-sob-demanda\\\/\",\"name\":\"Agradecimento Sob Demanda - Cursos 4Linux\",\"isPartOf\":{\"@id\":\"https:\\\/\\\/4linux.com.br\\\/cursos\\\/#website\"},\"datePublished\":\"2020-09-24T19:38:28+00:00\",\"dateModified\":\"2020-09-24T20:52:37+00:00\",\"breadcrumb\":{\"@id\":\"https:\\\/\\\/4linux.com.br\\\/cursos\\\/agradecimento-sob-demanda\\\/#breadcrumb\"},\"inLanguage\":\"pt-BR\",\"potentialAction\":[{\"@type\":\"ReadAction\",\"target\":[\"https:\\\/\\\/4linux.com.br\\\/cursos\\\/agradecimento-sob-demanda\\\/\"]}]},{\"@type\":\"BreadcrumbList\",\"@id\":\"https:\\\/\\\/4linux.com.br\\\/cursos\\\/agradecimento-sob-demanda\\\/#breadcrumb\",\"itemListElement\":[{\"@type\":\"ListItem\",\"position\":1,\"name\":\"Home\",\"item\":\"https:\\\/\\\/4linux.com.br\\\/cursos\\\/\"},{\"@type\":\"ListItem\",\"position\":2,\"name\":\"Agradecimento Sob Demanda\"}]},{\"@type\":\"WebSite\",\"@id\":\"https:\\\/\\\/4linux.com.br\\\/cursos\\\/#website\",\"url\":\"https:\\\/\\\/4linux.com.br\\\/cursos\\\/\",\"name\":\"Cursos 4Linux\",\"description\":\"Open Software Specialists\",\"potentialAction\":[{\"@type\":\"SearchAction\",\"target\":{\"@type\":\"EntryPoint\",\"urlTemplate\":\"https:\\\/\\\/4linux.com.br\\\/cursos\\\/?s={search_term_string}\"},\"query-input\":{\"@type\":\"PropertyValueSpecification\",\"valueRequired\":true,\"valueName\":\"search_term_string\"}}],\"inLanguage\":\"pt-BR\"}]}<\/script>\n<!-- \/ Yoast SEO plugin. -->","yoast_head_json":{"title":"Agradecimento Sob Demanda - Cursos 4Linux","robots":{"index":"index","follow":"follow","max-snippet":"max-snippet:-1","max-image-preview":"max-image-preview:large","max-video-preview":"max-video-preview:-1"},"canonical":"https:\/\/4linux.com.br\/cursos\/agradecimento-sob-demanda\/","og_locale":"pt_BR","og_type":"article","og_title":"Agradecimento Sob Demanda - Cursos 4Linux","og_description":"Obrigado pelo seu interesse nos cursos da 4Linux. Ficamos felizes que queira fazer parte da transforma\u00e7\u00e3o do mundo open-source. Te enviamos um e-mail, pois este treinamento s\u00f3 \u00e9 realizado SOB DEMANDA para turmas fechadas, geralmente \u2018InCompany, este sendo seu caso, responda o e-mail e nosso consultor entrar\u00e1 em contato para entender melhor sua demanda. .cls-1{fill:#00aab0;}.cls-2{fill:#2b3035;} [&hellip;]","og_url":"https:\/\/4linux.com.br\/cursos\/agradecimento-sob-demanda\/","og_site_name":"Cursos 4Linux","article_modified_time":"2020-09-24T20:52:37+00:00","twitter_card":"summary_large_image","twitter_misc":{"Est. tempo de leitura":"1 minuto"},"schema":{"@context":"https:\/\/schema.org","@graph":[{"@type":"WebPage","@id":"https:\/\/4linux.com.br\/cursos\/agradecimento-sob-demanda\/","url":"https:\/\/4linux.com.br\/cursos\/agradecimento-sob-demanda\/","name":"Agradecimento Sob Demanda - Cursos 4Linux","isPartOf":{"@id":"https:\/\/4linux.com.br\/cursos\/#website"},"datePublished":"2020-09-24T19:38:28+00:00","dateModified":"2020-09-24T20:52:37+00:00","breadcrumb":{"@id":"https:\/\/4linux.com.br\/cursos\/agradecimento-sob-demanda\/#breadcrumb"},"inLanguage":"pt-BR","potentialAction":[{"@type":"ReadAction","target":["https:\/\/4linux.com.br\/cursos\/agradecimento-sob-demanda\/"]}]},{"@type":"BreadcrumbList","@id":"https:\/\/4linux.com.br\/cursos\/agradecimento-sob-demanda\/#breadcrumb","itemListElement":[{"@type":"ListItem","position":1,"name":"Home","item":"https:\/\/4linux.com.br\/cursos\/"},{"@type":"ListItem","position":2,"name":"Agradecimento Sob Demanda"}]},{"@type":"WebSite","@id":"https:\/\/4linux.com.br\/cursos\/#website","url":"https:\/\/4linux.com.br\/cursos\/","name":"Cursos 4Linux","description":"Open Software Specialists","potentialAction":[{"@type":"SearchAction","target":{"@type":"EntryPoint","urlTemplate":"https:\/\/4linux.com.br\/cursos\/?s={search_term_string}"},"query-input":{"@type":"PropertyValueSpecification","valueRequired":true,"valueName":"search_term_string"}}],"inLanguage":"pt-BR"}]}},"_links":{"self":[{"href":"https:\/\/4linux.com.br\/cursos\/wp-json\/wp\/v2\/pages\/6403","targetHints":{"allow":["GET"]}}],"collection":[{"href":"https:\/\/4linux.com.br\/cursos\/wp-json\/wp\/v2\/pages"}],"about":[{"href":"https:\/\/4linux.com.br\/cursos\/wp-json\/wp\/v2\/types\/page"}],"author":[{"embeddable":true,"href":"https:\/\/4linux.com.br\/cursos\/wp-json\/wp\/v2\/users\/2"}],"replies":[{"embeddable":true,"href":"https:\/\/4linux.com.br\/cursos\/wp-json\/wp\/v2\/comments?post=6403"}],"version-history":[{"count":10,"href":"https:\/\/4linux.com.br\/cursos\/wp-json\/wp\/v2\/pages\/6403\/revisions"}],"predecessor-version":[{"id":6418,"href":"https:\/\/4linux.com.br\/cursos\/wp-json\/wp\/v2\/pages\/6403\/revisions\/6418"}],"wp:attachment":[{"href":"https:\/\/4linux.com.br\/cursos\/wp-json\/wp\/v2\/media?parent=6403"}],"wp:term":[{"taxonomy":"category","embeddable":true,"href":"https:\/\/4linux.com.br\/cursos\/wp-json\/wp\/v2\/categories?post=6403"}],"curies":[{"name":"wp","href":"https:\/\/api.w.org\/{rel}","templated":true}]}}