{"id":42776,"date":"2026-04-22T10:28:46","date_gmt":"2026-04-22T13:28:46","guid":{"rendered":"https:\/\/4linux.com.br\/cursos\/?post_type=product&#038;p=42776"},"modified":"2026-04-22T10:29:57","modified_gmt":"2026-04-22T13:29:57","slug":"especialista-elastic-stack-elasticsearch-logstash-beats-e","status":"publish","type":"product","link":"https:\/\/4linux.com.br\/cursos\/produto\/especialista-elastic-stack-elasticsearch-logstash-beats-e\/","title":{"rendered":"Especialista Elastic Stack Elasticsearch, Logstash, Beats e&#8230;"},"content":{"rendered":"<p>Ap\u00f3s fazer este curso voc\u00ea estar\u00e1 preparado para: Instalar, configurar e manter a solu\u00e7\u00e3o Elatic Stack; Criar visualiza\u00e7\u00f5es e dashboards informativos com Kibana; Administrar e monitorar ambientes Elastic Stack; Definir Sizing de ambientes Elastic Stack; Coletar, transformar, enriquecer e armazenar qualquer fonte dados; Integrar com outros sistemas de monitoramento. Mais informa\u00e7\u00f5es sobre o curso: clique aqui! *Valor referente \u00e0 compra realizada por pessoa f\u00edsica em que a Nota Fiscal emitida se<\/p>\n","protected":false},"excerpt":{"rendered":"<p>Ap\u00f3s fazer este curso voc\u00ea estar\u00e1 preparado para: Instalar, configurar e manter a solu\u00e7\u00e3o Elatic Stack; Criar visualiza\u00e7\u00f5es e dashboards informativos com Kibana; Administrar e monitorar ambientes Elastic Stack; Definir Sizing de ambientes Elastic Stack; Coletar, transformar, enriquecer e armazenar qualquer fonte dados; Integrar com outros sistemas de monitoramento. Mais informa\u00e7\u00f5es sobre o curso: clique [\u2026]<\/p>\n","protected":false},"featured_media":42821,"comment_status":"open","ping_status":"closed","template":"","meta":{"_acf_changed":false},"product_brand":[],"product_cat":[139,143],"product_tag":[],"class_list":{"0":"post-42776","1":"product","2":"type-product","3":"status-publish","4":"has-post-thumbnail","6":"product_cat-devops","7":"product_cat-promocoes","9":"first","10":"outofstock","11":"shipping-taxable","12":"product-type-variable"},"acf":[],"yoast_head":"<!-- This site is optimized with the Yoast SEO plugin v27.3 - https:\/\/yoast.com\/product\/yoast-seo-wordpress\/ -->\n<title>Especialista Elastic Stack Elasticsearch, Logstash, Beats e... - Cursos 4Linux<\/title>\n<meta name=\"robots\" content=\"index, follow, max-snippet:-1, max-image-preview:large, max-video-preview:-1\" \/>\n<link rel=\"canonical\" href=\"https:\/\/4linux.com.br\/cursos\/produto\/especialista-elastic-stack-elasticsearch-logstash-beats-e\/\" \/>\n<meta property=\"og:locale\" content=\"pt_BR\" \/>\n<meta property=\"og:type\" content=\"article\" \/>\n<meta property=\"og:title\" content=\"Especialista Elastic Stack Elasticsearch, Logstash, Beats e... - Cursos 4Linux\" \/>\n<meta property=\"og:description\" content=\"Ap\u00f3s fazer este curso voc\u00ea estar\u00e1 preparado para: Instalar, configurar e manter a solu\u00e7\u00e3o Elatic Stack; Criar visualiza\u00e7\u00f5es e dashboards informativos com Kibana; Administrar e monitorar ambientes Elastic Stack; Definir Sizing de ambientes Elastic Stack; Coletar, transformar, enriquecer e armazenar qualquer fonte dados; Integrar com outros sistemas de monitoramento. Mais informa\u00e7\u00f5es sobre o curso: clique [\u2026]\" \/>\n<meta property=\"og:url\" content=\"https:\/\/4linux.com.br\/cursos\/produto\/especialista-elastic-stack-elasticsearch-logstash-beats-e\/\" \/>\n<meta property=\"og:site_name\" content=\"Cursos 4Linux\" \/>\n<meta property=\"article:modified_time\" content=\"2026-04-22T13:29:57+00:00\" \/>\n<meta name=\"twitter:card\" content=\"summary_large_image\" \/>\n<script type=\"application\/ld+json\" class=\"yoast-schema-graph\">{\"@context\":\"https:\\\/\\\/schema.org\",\"@graph\":[{\"@type\":\"WebPage\",\"@id\":\"https:\\\/\\\/4linux.com.br\\\/cursos\\\/produto\\\/especialista-elastic-stack-elasticsearch-logstash-beats-e\\\/\",\"url\":\"https:\\\/\\\/4linux.com.br\\\/cursos\\\/produto\\\/especialista-elastic-stack-elasticsearch-logstash-beats-e\\\/\",\"name\":\"Especialista Elastic Stack Elasticsearch, Logstash, Beats e... - Cursos 4Linux\",\"isPartOf\":{\"@id\":\"https:\\\/\\\/4linux.com.br\\\/cursos\\\/#website\"},\"primaryImageOfPage\":{\"@id\":\"https:\\\/\\\/4linux.com.br\\\/cursos\\\/produto\\\/especialista-elastic-stack-elasticsearch-logstash-beats-e\\\/#primaryimage\"},\"image\":{\"@id\":\"https:\\\/\\\/4linux.com.br\\\/cursos\\\/produto\\\/especialista-elastic-stack-elasticsearch-logstash-beats-e\\\/#primaryimage\"},\"thumbnailUrl\":\"https:\\\/\\\/4linux.com.br\\\/cursos\\\/wp-content\\\/uploads\\\/sites\\\/2\\\/2026\\\/04\\\/banco-de-dados_elastic-600x600-1.png\",\"datePublished\":\"2026-04-22T13:28:46+00:00\",\"dateModified\":\"2026-04-22T13:29:57+00:00\",\"breadcrumb\":{\"@id\":\"https:\\\/\\\/4linux.com.br\\\/cursos\\\/produto\\\/especialista-elastic-stack-elasticsearch-logstash-beats-e\\\/#breadcrumb\"},\"inLanguage\":\"pt-BR\",\"potentialAction\":[{\"@type\":\"ReadAction\",\"target\":[\"https:\\\/\\\/4linux.com.br\\\/cursos\\\/produto\\\/especialista-elastic-stack-elasticsearch-logstash-beats-e\\\/\"]}]},{\"@type\":\"ImageObject\",\"inLanguage\":\"pt-BR\",\"@id\":\"https:\\\/\\\/4linux.com.br\\\/cursos\\\/produto\\\/especialista-elastic-stack-elasticsearch-logstash-beats-e\\\/#primaryimage\",\"url\":\"https:\\\/\\\/4linux.com.br\\\/cursos\\\/wp-content\\\/uploads\\\/sites\\\/2\\\/2026\\\/04\\\/banco-de-dados_elastic-600x600-1.png\",\"contentUrl\":\"https:\\\/\\\/4linux.com.br\\\/cursos\\\/wp-content\\\/uploads\\\/sites\\\/2\\\/2026\\\/04\\\/banco-de-dados_elastic-600x600-1.png\",\"width\":600,\"height\":600},{\"@type\":\"BreadcrumbList\",\"@id\":\"https:\\\/\\\/4linux.com.br\\\/cursos\\\/produto\\\/especialista-elastic-stack-elasticsearch-logstash-beats-e\\\/#breadcrumb\",\"itemListElement\":[{\"@type\":\"ListItem\",\"position\":1,\"name\":\"Home\",\"item\":\"https:\\\/\\\/4linux.com.br\\\/cursos\\\/\"},{\"@type\":\"ListItem\",\"position\":2,\"name\":\"Loja\",\"item\":\"https:\\\/\\\/4linux.com.br\\\/cursos\\\/loja\\\/\"},{\"@type\":\"ListItem\",\"position\":3,\"name\":\"Especialista Elastic Stack Elasticsearch, Logstash, Beats e&#8230;\"}]},{\"@type\":\"WebSite\",\"@id\":\"https:\\\/\\\/4linux.com.br\\\/cursos\\\/#website\",\"url\":\"https:\\\/\\\/4linux.com.br\\\/cursos\\\/\",\"name\":\"Cursos 4Linux\",\"description\":\"Open Software Specialists\",\"potentialAction\":[{\"@type\":\"SearchAction\",\"target\":{\"@type\":\"EntryPoint\",\"urlTemplate\":\"https:\\\/\\\/4linux.com.br\\\/cursos\\\/?s={search_term_string}\"},\"query-input\":{\"@type\":\"PropertyValueSpecification\",\"valueRequired\":true,\"valueName\":\"search_term_string\"}}],\"inLanguage\":\"pt-BR\"}]}<\/script>\n<!-- \/ Yoast SEO plugin. -->","yoast_head_json":{"title":"Especialista Elastic Stack Elasticsearch, Logstash, Beats e... - Cursos 4Linux","robots":{"index":"index","follow":"follow","max-snippet":"max-snippet:-1","max-image-preview":"max-image-preview:large","max-video-preview":"max-video-preview:-1"},"canonical":"https:\/\/4linux.com.br\/cursos\/produto\/especialista-elastic-stack-elasticsearch-logstash-beats-e\/","og_locale":"pt_BR","og_type":"article","og_title":"Especialista Elastic Stack Elasticsearch, Logstash, Beats e... - Cursos 4Linux","og_description":"Ap\u00f3s fazer este curso voc\u00ea estar\u00e1 preparado para: Instalar, configurar e manter a solu\u00e7\u00e3o Elatic Stack; Criar visualiza\u00e7\u00f5es e dashboards informativos com Kibana; Administrar e monitorar ambientes Elastic Stack; Definir Sizing de ambientes Elastic Stack; Coletar, transformar, enriquecer e armazenar qualquer fonte dados; Integrar com outros sistemas de monitoramento. Mais informa\u00e7\u00f5es sobre o curso: clique [\u2026]","og_url":"https:\/\/4linux.com.br\/cursos\/produto\/especialista-elastic-stack-elasticsearch-logstash-beats-e\/","og_site_name":"Cursos 4Linux","article_modified_time":"2026-04-22T13:29:57+00:00","twitter_card":"summary_large_image","schema":{"@context":"https:\/\/schema.org","@graph":[{"@type":"WebPage","@id":"https:\/\/4linux.com.br\/cursos\/produto\/especialista-elastic-stack-elasticsearch-logstash-beats-e\/","url":"https:\/\/4linux.com.br\/cursos\/produto\/especialista-elastic-stack-elasticsearch-logstash-beats-e\/","name":"Especialista Elastic Stack Elasticsearch, Logstash, Beats e... - Cursos 4Linux","isPartOf":{"@id":"https:\/\/4linux.com.br\/cursos\/#website"},"primaryImageOfPage":{"@id":"https:\/\/4linux.com.br\/cursos\/produto\/especialista-elastic-stack-elasticsearch-logstash-beats-e\/#primaryimage"},"image":{"@id":"https:\/\/4linux.com.br\/cursos\/produto\/especialista-elastic-stack-elasticsearch-logstash-beats-e\/#primaryimage"},"thumbnailUrl":"https:\/\/4linux.com.br\/cursos\/wp-content\/uploads\/sites\/2\/2026\/04\/banco-de-dados_elastic-600x600-1.png","datePublished":"2026-04-22T13:28:46+00:00","dateModified":"2026-04-22T13:29:57+00:00","breadcrumb":{"@id":"https:\/\/4linux.com.br\/cursos\/produto\/especialista-elastic-stack-elasticsearch-logstash-beats-e\/#breadcrumb"},"inLanguage":"pt-BR","potentialAction":[{"@type":"ReadAction","target":["https:\/\/4linux.com.br\/cursos\/produto\/especialista-elastic-stack-elasticsearch-logstash-beats-e\/"]}]},{"@type":"ImageObject","inLanguage":"pt-BR","@id":"https:\/\/4linux.com.br\/cursos\/produto\/especialista-elastic-stack-elasticsearch-logstash-beats-e\/#primaryimage","url":"https:\/\/4linux.com.br\/cursos\/wp-content\/uploads\/sites\/2\/2026\/04\/banco-de-dados_elastic-600x600-1.png","contentUrl":"https:\/\/4linux.com.br\/cursos\/wp-content\/uploads\/sites\/2\/2026\/04\/banco-de-dados_elastic-600x600-1.png","width":600,"height":600},{"@type":"BreadcrumbList","@id":"https:\/\/4linux.com.br\/cursos\/produto\/especialista-elastic-stack-elasticsearch-logstash-beats-e\/#breadcrumb","itemListElement":[{"@type":"ListItem","position":1,"name":"Home","item":"https:\/\/4linux.com.br\/cursos\/"},{"@type":"ListItem","position":2,"name":"Loja","item":"https:\/\/4linux.com.br\/cursos\/loja\/"},{"@type":"ListItem","position":3,"name":"Especialista Elastic Stack Elasticsearch, Logstash, Beats e&#8230;"}]},{"@type":"WebSite","@id":"https:\/\/4linux.com.br\/cursos\/#website","url":"https:\/\/4linux.com.br\/cursos\/","name":"Cursos 4Linux","description":"Open Software Specialists","potentialAction":[{"@type":"SearchAction","target":{"@type":"EntryPoint","urlTemplate":"https:\/\/4linux.com.br\/cursos\/?s={search_term_string}"},"query-input":{"@type":"PropertyValueSpecification","valueRequired":true,"valueName":"search_term_string"}}],"inLanguage":"pt-BR"}]}},"_links":{"self":[{"href":"https:\/\/4linux.com.br\/cursos\/wp-json\/wp\/v2\/product\/42776","targetHints":{"allow":["GET"]}}],"collection":[{"href":"https:\/\/4linux.com.br\/cursos\/wp-json\/wp\/v2\/product"}],"about":[{"href":"https:\/\/4linux.com.br\/cursos\/wp-json\/wp\/v2\/types\/product"}],"replies":[{"embeddable":true,"href":"https:\/\/4linux.com.br\/cursos\/wp-json\/wp\/v2\/comments?post=42776"}],"wp:featuredmedia":[{"embeddable":true,"href":"https:\/\/4linux.com.br\/cursos\/wp-json\/wp\/v2\/media\/42821"}],"wp:attachment":[{"href":"https:\/\/4linux.com.br\/cursos\/wp-json\/wp\/v2\/media?parent=42776"}],"wp:term":[{"taxonomy":"product_brand","embeddable":true,"href":"https:\/\/4linux.com.br\/cursos\/wp-json\/wp\/v2\/product_brand?post=42776"},{"taxonomy":"product_cat","embeddable":true,"href":"https:\/\/4linux.com.br\/cursos\/wp-json\/wp\/v2\/product_cat?post=42776"},{"taxonomy":"product_tag","embeddable":true,"href":"https:\/\/4linux.com.br\/cursos\/wp-json\/wp\/v2\/product_tag?post=42776"}],"curies":[{"name":"wp","href":"https:\/\/api.w.org\/{rel}","templated":true}]}}