{"id":42777,"date":"2026-04-22T10:28:47","date_gmt":"2026-04-22T13:28:47","guid":{"rendered":"https:\/\/4linux.com.br\/cursos\/?post_type=product&#038;p=42777"},"modified":"2026-04-22T10:29:59","modified_gmt":"2026-04-22T13:29:59","slug":"especialista-em-automacao-com-ansible","status":"publish","type":"product","link":"https:\/\/4linux.com.br\/cursos\/produto\/especialista-em-automacao-com-ansible\/","title":{"rendered":"Especialista em Automa\u00e7\u00e3o com Ansible"},"content":{"rendered":"<p>Ensinar ao aluno t\u00e9cnicas de automa\u00e7\u00e3o de infraestrutura de TI usando o Ansible bem como o gerenciamento de configura\u00e7\u00f5es de diversos ambientes de forma automatizada. Ensinar o que \u00e9 relevante, pois acreditamos que a simplicidade \u00e9 relevante para todos os tamanhos de ambientes e de p\u00fablico por isso criamos um curso intenso para todo tipo de profissional: administradores de sistemas, engenheiros de aplica\u00e7\u00f5es, gerentes de TI e outros. Mostrar a grande abrang\u00eancia de uso do Ansible, ensinando o al<\/p>\n","protected":false},"excerpt":{"rendered":"<p>Ensinar ao aluno t\u00e9cnicas de automa\u00e7\u00e3o de infraestrutura de TI usando o Ansible bem como o gerenciamento de configura\u00e7\u00f5es de diversos ambientes de forma automatizada. Ensinar o que \u00e9 relevante, pois acreditamos que a simplicidade \u00e9 relevante para todos os tamanhos de ambientes e de p\u00fablico por isso criamos um curso intenso para todo tipo [\u2026]<\/p>\n","protected":false},"featured_media":42822,"comment_status":"open","ping_status":"closed","template":"","meta":{"_acf_changed":false},"product_brand":[],"product_cat":[139],"product_tag":[],"class_list":{"0":"post-42777","1":"product","2":"type-product","3":"status-publish","4":"has-post-thumbnail","6":"product_cat-devops","8":"first","9":"outofstock","10":"shipping-taxable","11":"product-type-variable"},"acf":[],"yoast_head":"<!-- This site is optimized with the Yoast SEO plugin v27.3 - https:\/\/yoast.com\/product\/yoast-seo-wordpress\/ -->\n<title>Especialista em Automa\u00e7\u00e3o com Ansible - Cursos 4Linux<\/title>\n<meta name=\"robots\" content=\"index, follow, max-snippet:-1, max-image-preview:large, max-video-preview:-1\" \/>\n<link rel=\"canonical\" href=\"https:\/\/4linux.com.br\/cursos\/produto\/especialista-em-automacao-com-ansible\/\" \/>\n<meta property=\"og:locale\" content=\"pt_BR\" \/>\n<meta property=\"og:type\" content=\"article\" \/>\n<meta property=\"og:title\" content=\"Especialista em Automa\u00e7\u00e3o com Ansible - Cursos 4Linux\" \/>\n<meta property=\"og:description\" content=\"Ensinar ao aluno t\u00e9cnicas de automa\u00e7\u00e3o de infraestrutura de TI usando o Ansible bem como o gerenciamento de configura\u00e7\u00f5es de diversos ambientes de forma automatizada. Ensinar o que \u00e9 relevante, pois acreditamos que a simplicidade \u00e9 relevante para todos os tamanhos de ambientes e de p\u00fablico por isso criamos um curso intenso para todo tipo [\u2026]\" \/>\n<meta property=\"og:url\" content=\"https:\/\/4linux.com.br\/cursos\/produto\/especialista-em-automacao-com-ansible\/\" \/>\n<meta property=\"og:site_name\" content=\"Cursos 4Linux\" \/>\n<meta property=\"article:modified_time\" content=\"2026-04-22T13:29:59+00:00\" \/>\n<meta name=\"twitter:card\" content=\"summary_large_image\" \/>\n<script type=\"application\/ld+json\" class=\"yoast-schema-graph\">{\"@context\":\"https:\\\/\\\/schema.org\",\"@graph\":[{\"@type\":\"WebPage\",\"@id\":\"https:\\\/\\\/4linux.com.br\\\/cursos\\\/produto\\\/especialista-em-automacao-com-ansible\\\/\",\"url\":\"https:\\\/\\\/4linux.com.br\\\/cursos\\\/produto\\\/especialista-em-automacao-com-ansible\\\/\",\"name\":\"Especialista em Automa\u00e7\u00e3o com Ansible - Cursos 4Linux\",\"isPartOf\":{\"@id\":\"https:\\\/\\\/4linux.com.br\\\/cursos\\\/#website\"},\"primaryImageOfPage\":{\"@id\":\"https:\\\/\\\/4linux.com.br\\\/cursos\\\/produto\\\/especialista-em-automacao-com-ansible\\\/#primaryimage\"},\"image\":{\"@id\":\"https:\\\/\\\/4linux.com.br\\\/cursos\\\/produto\\\/especialista-em-automacao-com-ansible\\\/#primaryimage\"},\"thumbnailUrl\":\"https:\\\/\\\/4linux.com.br\\\/cursos\\\/wp-content\\\/uploads\\\/sites\\\/2\\\/2026\\\/04\\\/devops_ansible-600x600-1.png\",\"datePublished\":\"2026-04-22T13:28:47+00:00\",\"dateModified\":\"2026-04-22T13:29:59+00:00\",\"breadcrumb\":{\"@id\":\"https:\\\/\\\/4linux.com.br\\\/cursos\\\/produto\\\/especialista-em-automacao-com-ansible\\\/#breadcrumb\"},\"inLanguage\":\"pt-BR\",\"potentialAction\":[{\"@type\":\"ReadAction\",\"target\":[\"https:\\\/\\\/4linux.com.br\\\/cursos\\\/produto\\\/especialista-em-automacao-com-ansible\\\/\"]}]},{\"@type\":\"ImageObject\",\"inLanguage\":\"pt-BR\",\"@id\":\"https:\\\/\\\/4linux.com.br\\\/cursos\\\/produto\\\/especialista-em-automacao-com-ansible\\\/#primaryimage\",\"url\":\"https:\\\/\\\/4linux.com.br\\\/cursos\\\/wp-content\\\/uploads\\\/sites\\\/2\\\/2026\\\/04\\\/devops_ansible-600x600-1.png\",\"contentUrl\":\"https:\\\/\\\/4linux.com.br\\\/cursos\\\/wp-content\\\/uploads\\\/sites\\\/2\\\/2026\\\/04\\\/devops_ansible-600x600-1.png\",\"width\":600,\"height\":600},{\"@type\":\"BreadcrumbList\",\"@id\":\"https:\\\/\\\/4linux.com.br\\\/cursos\\\/produto\\\/especialista-em-automacao-com-ansible\\\/#breadcrumb\",\"itemListElement\":[{\"@type\":\"ListItem\",\"position\":1,\"name\":\"Home\",\"item\":\"https:\\\/\\\/4linux.com.br\\\/cursos\\\/\"},{\"@type\":\"ListItem\",\"position\":2,\"name\":\"Loja\",\"item\":\"https:\\\/\\\/4linux.com.br\\\/cursos\\\/loja\\\/\"},{\"@type\":\"ListItem\",\"position\":3,\"name\":\"Especialista em Automa\u00e7\u00e3o com Ansible\"}]},{\"@type\":\"WebSite\",\"@id\":\"https:\\\/\\\/4linux.com.br\\\/cursos\\\/#website\",\"url\":\"https:\\\/\\\/4linux.com.br\\\/cursos\\\/\",\"name\":\"Cursos 4Linux\",\"description\":\"Open Software Specialists\",\"potentialAction\":[{\"@type\":\"SearchAction\",\"target\":{\"@type\":\"EntryPoint\",\"urlTemplate\":\"https:\\\/\\\/4linux.com.br\\\/cursos\\\/?s={search_term_string}\"},\"query-input\":{\"@type\":\"PropertyValueSpecification\",\"valueRequired\":true,\"valueName\":\"search_term_string\"}}],\"inLanguage\":\"pt-BR\"}]}<\/script>\n<!-- \/ Yoast SEO plugin. -->","yoast_head_json":{"title":"Especialista em Automa\u00e7\u00e3o com Ansible - Cursos 4Linux","robots":{"index":"index","follow":"follow","max-snippet":"max-snippet:-1","max-image-preview":"max-image-preview:large","max-video-preview":"max-video-preview:-1"},"canonical":"https:\/\/4linux.com.br\/cursos\/produto\/especialista-em-automacao-com-ansible\/","og_locale":"pt_BR","og_type":"article","og_title":"Especialista em Automa\u00e7\u00e3o com Ansible - Cursos 4Linux","og_description":"Ensinar ao aluno t\u00e9cnicas de automa\u00e7\u00e3o de infraestrutura de TI usando o Ansible bem como o gerenciamento de configura\u00e7\u00f5es de diversos ambientes de forma automatizada. Ensinar o que \u00e9 relevante, pois acreditamos que a simplicidade \u00e9 relevante para todos os tamanhos de ambientes e de p\u00fablico por isso criamos um curso intenso para todo tipo [\u2026]","og_url":"https:\/\/4linux.com.br\/cursos\/produto\/especialista-em-automacao-com-ansible\/","og_site_name":"Cursos 4Linux","article_modified_time":"2026-04-22T13:29:59+00:00","twitter_card":"summary_large_image","schema":{"@context":"https:\/\/schema.org","@graph":[{"@type":"WebPage","@id":"https:\/\/4linux.com.br\/cursos\/produto\/especialista-em-automacao-com-ansible\/","url":"https:\/\/4linux.com.br\/cursos\/produto\/especialista-em-automacao-com-ansible\/","name":"Especialista em Automa\u00e7\u00e3o com Ansible - Cursos 4Linux","isPartOf":{"@id":"https:\/\/4linux.com.br\/cursos\/#website"},"primaryImageOfPage":{"@id":"https:\/\/4linux.com.br\/cursos\/produto\/especialista-em-automacao-com-ansible\/#primaryimage"},"image":{"@id":"https:\/\/4linux.com.br\/cursos\/produto\/especialista-em-automacao-com-ansible\/#primaryimage"},"thumbnailUrl":"https:\/\/4linux.com.br\/cursos\/wp-content\/uploads\/sites\/2\/2026\/04\/devops_ansible-600x600-1.png","datePublished":"2026-04-22T13:28:47+00:00","dateModified":"2026-04-22T13:29:59+00:00","breadcrumb":{"@id":"https:\/\/4linux.com.br\/cursos\/produto\/especialista-em-automacao-com-ansible\/#breadcrumb"},"inLanguage":"pt-BR","potentialAction":[{"@type":"ReadAction","target":["https:\/\/4linux.com.br\/cursos\/produto\/especialista-em-automacao-com-ansible\/"]}]},{"@type":"ImageObject","inLanguage":"pt-BR","@id":"https:\/\/4linux.com.br\/cursos\/produto\/especialista-em-automacao-com-ansible\/#primaryimage","url":"https:\/\/4linux.com.br\/cursos\/wp-content\/uploads\/sites\/2\/2026\/04\/devops_ansible-600x600-1.png","contentUrl":"https:\/\/4linux.com.br\/cursos\/wp-content\/uploads\/sites\/2\/2026\/04\/devops_ansible-600x600-1.png","width":600,"height":600},{"@type":"BreadcrumbList","@id":"https:\/\/4linux.com.br\/cursos\/produto\/especialista-em-automacao-com-ansible\/#breadcrumb","itemListElement":[{"@type":"ListItem","position":1,"name":"Home","item":"https:\/\/4linux.com.br\/cursos\/"},{"@type":"ListItem","position":2,"name":"Loja","item":"https:\/\/4linux.com.br\/cursos\/loja\/"},{"@type":"ListItem","position":3,"name":"Especialista em Automa\u00e7\u00e3o com Ansible"}]},{"@type":"WebSite","@id":"https:\/\/4linux.com.br\/cursos\/#website","url":"https:\/\/4linux.com.br\/cursos\/","name":"Cursos 4Linux","description":"Open Software Specialists","potentialAction":[{"@type":"SearchAction","target":{"@type":"EntryPoint","urlTemplate":"https:\/\/4linux.com.br\/cursos\/?s={search_term_string}"},"query-input":{"@type":"PropertyValueSpecification","valueRequired":true,"valueName":"search_term_string"}}],"inLanguage":"pt-BR"}]}},"_links":{"self":[{"href":"https:\/\/4linux.com.br\/cursos\/wp-json\/wp\/v2\/product\/42777","targetHints":{"allow":["GET"]}}],"collection":[{"href":"https:\/\/4linux.com.br\/cursos\/wp-json\/wp\/v2\/product"}],"about":[{"href":"https:\/\/4linux.com.br\/cursos\/wp-json\/wp\/v2\/types\/product"}],"replies":[{"embeddable":true,"href":"https:\/\/4linux.com.br\/cursos\/wp-json\/wp\/v2\/comments?post=42777"}],"wp:featuredmedia":[{"embeddable":true,"href":"https:\/\/4linux.com.br\/cursos\/wp-json\/wp\/v2\/media\/42822"}],"wp:attachment":[{"href":"https:\/\/4linux.com.br\/cursos\/wp-json\/wp\/v2\/media?parent=42777"}],"wp:term":[{"taxonomy":"product_brand","embeddable":true,"href":"https:\/\/4linux.com.br\/cursos\/wp-json\/wp\/v2\/product_brand?post=42777"},{"taxonomy":"product_cat","embeddable":true,"href":"https:\/\/4linux.com.br\/cursos\/wp-json\/wp\/v2\/product_cat?post=42777"},{"taxonomy":"product_tag","embeddable":true,"href":"https:\/\/4linux.com.br\/cursos\/wp-json\/wp\/v2\/product_tag?post=42777"}],"curies":[{"name":"wp","href":"https:\/\/api.w.org\/{rel}","templated":true}]}}