{"id":42778,"date":"2026-04-22T10:28:47","date_gmt":"2026-04-22T13:28:47","guid":{"rendered":"https:\/\/4linux.com.br\/cursos\/?post_type=product&#038;p=42778"},"modified":"2026-04-22T10:30:01","modified_gmt":"2026-04-22T13:30:01","slug":"gcp-cloud-engineer","status":"publish","type":"product","link":"https:\/\/4linux.com.br\/cursos\/produto\/gcp-cloud-engineer\/","title":{"rendered":"GCP Cloud Engineer"},"content":{"rendered":"<p>Ensinar como gerenciar aplica\u00e7\u00f5es em Microsservi\u00e7os atrav\u00e9s da Google Cloud Platform. Aprenda na pr\u00e1tica como gerenciar Inst\u00e2ncias, IAM, Cloud Shell, Datastore, Rede, Armazenamento, Auto Scaling, Load Balancer, VPN, Cloud SQL, Google App Engine, Cloud Run, Cloud Functions, Docker, Kubernetes, Logs, Monitoramento e Alertas atrav\u00e9s do servi\u00e7os da Google Cloud Platform. Mais informa\u00e7\u00f5es sobre o curso: clique aqui! *Valor referente \u00e0 compra realizada por pessoa f\u00edsica em que a Nota Fiscal emitida se<\/p>\n","protected":false},"excerpt":{"rendered":"<p>Ensinar como gerenciar aplica\u00e7\u00f5es em Microsservi\u00e7os atrav\u00e9s da Google Cloud Platform. Aprenda na pr\u00e1tica como gerenciar Inst\u00e2ncias, IAM, Cloud Shell, Datastore, Rede, Armazenamento, Auto Scaling, Load Balancer, VPN, Cloud SQL, Google App Engine, Cloud Run, Cloud Functions, Docker, Kubernetes, Logs, Monitoramento e Alertas atrav\u00e9s do servi\u00e7os da Google Cloud Platform. Mais informa\u00e7\u00f5es sobre o curso: [\u2026]<\/p>\n","protected":false},"featured_media":42823,"comment_status":"open","ping_status":"closed","template":"","meta":{"_acf_changed":false},"product_brand":[],"product_cat":[134],"product_tag":[],"class_list":{"0":"post-42778","1":"product","2":"type-product","3":"status-publish","4":"has-post-thumbnail","6":"product_cat-cloud","8":"first","9":"outofstock","10":"shipping-taxable","11":"product-type-variable"},"acf":[],"yoast_head":"<!-- This site is optimized with the Yoast SEO plugin v27.3 - https:\/\/yoast.com\/product\/yoast-seo-wordpress\/ -->\n<title>GCP Cloud Engineer - Cursos 4Linux<\/title>\n<meta name=\"robots\" content=\"index, follow, max-snippet:-1, max-image-preview:large, max-video-preview:-1\" \/>\n<link rel=\"canonical\" href=\"https:\/\/4linux.com.br\/cursos\/produto\/gcp-cloud-engineer\/\" \/>\n<meta property=\"og:locale\" content=\"pt_BR\" \/>\n<meta property=\"og:type\" content=\"article\" \/>\n<meta property=\"og:title\" content=\"GCP Cloud Engineer - Cursos 4Linux\" \/>\n<meta property=\"og:description\" content=\"Ensinar como gerenciar aplica\u00e7\u00f5es em Microsservi\u00e7os atrav\u00e9s da Google Cloud Platform. Aprenda na pr\u00e1tica como gerenciar Inst\u00e2ncias, IAM, Cloud Shell, Datastore, Rede, Armazenamento, Auto Scaling, Load Balancer, VPN, Cloud SQL, Google App Engine, Cloud Run, Cloud Functions, Docker, Kubernetes, Logs, Monitoramento e Alertas atrav\u00e9s do servi\u00e7os da Google Cloud Platform. Mais informa\u00e7\u00f5es sobre o curso: [\u2026]\" \/>\n<meta property=\"og:url\" content=\"https:\/\/4linux.com.br\/cursos\/produto\/gcp-cloud-engineer\/\" \/>\n<meta property=\"og:site_name\" content=\"Cursos 4Linux\" \/>\n<meta property=\"article:modified_time\" content=\"2026-04-22T13:30:01+00:00\" \/>\n<meta name=\"twitter:card\" content=\"summary_large_image\" \/>\n<script type=\"application\/ld+json\" class=\"yoast-schema-graph\">{\"@context\":\"https:\\\/\\\/schema.org\",\"@graph\":[{\"@type\":\"WebPage\",\"@id\":\"https:\\\/\\\/4linux.com.br\\\/cursos\\\/produto\\\/gcp-cloud-engineer\\\/\",\"url\":\"https:\\\/\\\/4linux.com.br\\\/cursos\\\/produto\\\/gcp-cloud-engineer\\\/\",\"name\":\"GCP Cloud Engineer - Cursos 4Linux\",\"isPartOf\":{\"@id\":\"https:\\\/\\\/4linux.com.br\\\/cursos\\\/#website\"},\"primaryImageOfPage\":{\"@id\":\"https:\\\/\\\/4linux.com.br\\\/cursos\\\/produto\\\/gcp-cloud-engineer\\\/#primaryimage\"},\"image\":{\"@id\":\"https:\\\/\\\/4linux.com.br\\\/cursos\\\/produto\\\/gcp-cloud-engineer\\\/#primaryimage\"},\"thumbnailUrl\":\"https:\\\/\\\/4linux.com.br\\\/cursos\\\/wp-content\\\/uploads\\\/sites\\\/2\\\/2026\\\/04\\\/cloud_gcp-cloud-engineer-600x600-1.jpg\",\"datePublished\":\"2026-04-22T13:28:47+00:00\",\"dateModified\":\"2026-04-22T13:30:01+00:00\",\"breadcrumb\":{\"@id\":\"https:\\\/\\\/4linux.com.br\\\/cursos\\\/produto\\\/gcp-cloud-engineer\\\/#breadcrumb\"},\"inLanguage\":\"pt-BR\",\"potentialAction\":[{\"@type\":\"ReadAction\",\"target\":[\"https:\\\/\\\/4linux.com.br\\\/cursos\\\/produto\\\/gcp-cloud-engineer\\\/\"]}]},{\"@type\":\"ImageObject\",\"inLanguage\":\"pt-BR\",\"@id\":\"https:\\\/\\\/4linux.com.br\\\/cursos\\\/produto\\\/gcp-cloud-engineer\\\/#primaryimage\",\"url\":\"https:\\\/\\\/4linux.com.br\\\/cursos\\\/wp-content\\\/uploads\\\/sites\\\/2\\\/2026\\\/04\\\/cloud_gcp-cloud-engineer-600x600-1.jpg\",\"contentUrl\":\"https:\\\/\\\/4linux.com.br\\\/cursos\\\/wp-content\\\/uploads\\\/sites\\\/2\\\/2026\\\/04\\\/cloud_gcp-cloud-engineer-600x600-1.jpg\",\"width\":600,\"height\":600},{\"@type\":\"BreadcrumbList\",\"@id\":\"https:\\\/\\\/4linux.com.br\\\/cursos\\\/produto\\\/gcp-cloud-engineer\\\/#breadcrumb\",\"itemListElement\":[{\"@type\":\"ListItem\",\"position\":1,\"name\":\"Home\",\"item\":\"https:\\\/\\\/4linux.com.br\\\/cursos\\\/\"},{\"@type\":\"ListItem\",\"position\":2,\"name\":\"Loja\",\"item\":\"https:\\\/\\\/4linux.com.br\\\/cursos\\\/loja\\\/\"},{\"@type\":\"ListItem\",\"position\":3,\"name\":\"GCP Cloud Engineer\"}]},{\"@type\":\"WebSite\",\"@id\":\"https:\\\/\\\/4linux.com.br\\\/cursos\\\/#website\",\"url\":\"https:\\\/\\\/4linux.com.br\\\/cursos\\\/\",\"name\":\"Cursos 4Linux\",\"description\":\"Open Software Specialists\",\"potentialAction\":[{\"@type\":\"SearchAction\",\"target\":{\"@type\":\"EntryPoint\",\"urlTemplate\":\"https:\\\/\\\/4linux.com.br\\\/cursos\\\/?s={search_term_string}\"},\"query-input\":{\"@type\":\"PropertyValueSpecification\",\"valueRequired\":true,\"valueName\":\"search_term_string\"}}],\"inLanguage\":\"pt-BR\"}]}<\/script>\n<!-- \/ Yoast SEO plugin. -->","yoast_head_json":{"title":"GCP Cloud Engineer - Cursos 4Linux","robots":{"index":"index","follow":"follow","max-snippet":"max-snippet:-1","max-image-preview":"max-image-preview:large","max-video-preview":"max-video-preview:-1"},"canonical":"https:\/\/4linux.com.br\/cursos\/produto\/gcp-cloud-engineer\/","og_locale":"pt_BR","og_type":"article","og_title":"GCP Cloud Engineer - Cursos 4Linux","og_description":"Ensinar como gerenciar aplica\u00e7\u00f5es em Microsservi\u00e7os atrav\u00e9s da Google Cloud Platform. Aprenda na pr\u00e1tica como gerenciar Inst\u00e2ncias, IAM, Cloud Shell, Datastore, Rede, Armazenamento, Auto Scaling, Load Balancer, VPN, Cloud SQL, Google App Engine, Cloud Run, Cloud Functions, Docker, Kubernetes, Logs, Monitoramento e Alertas atrav\u00e9s do servi\u00e7os da Google Cloud Platform. Mais informa\u00e7\u00f5es sobre o curso: [\u2026]","og_url":"https:\/\/4linux.com.br\/cursos\/produto\/gcp-cloud-engineer\/","og_site_name":"Cursos 4Linux","article_modified_time":"2026-04-22T13:30:01+00:00","twitter_card":"summary_large_image","schema":{"@context":"https:\/\/schema.org","@graph":[{"@type":"WebPage","@id":"https:\/\/4linux.com.br\/cursos\/produto\/gcp-cloud-engineer\/","url":"https:\/\/4linux.com.br\/cursos\/produto\/gcp-cloud-engineer\/","name":"GCP Cloud Engineer - Cursos 4Linux","isPartOf":{"@id":"https:\/\/4linux.com.br\/cursos\/#website"},"primaryImageOfPage":{"@id":"https:\/\/4linux.com.br\/cursos\/produto\/gcp-cloud-engineer\/#primaryimage"},"image":{"@id":"https:\/\/4linux.com.br\/cursos\/produto\/gcp-cloud-engineer\/#primaryimage"},"thumbnailUrl":"https:\/\/4linux.com.br\/cursos\/wp-content\/uploads\/sites\/2\/2026\/04\/cloud_gcp-cloud-engineer-600x600-1.jpg","datePublished":"2026-04-22T13:28:47+00:00","dateModified":"2026-04-22T13:30:01+00:00","breadcrumb":{"@id":"https:\/\/4linux.com.br\/cursos\/produto\/gcp-cloud-engineer\/#breadcrumb"},"inLanguage":"pt-BR","potentialAction":[{"@type":"ReadAction","target":["https:\/\/4linux.com.br\/cursos\/produto\/gcp-cloud-engineer\/"]}]},{"@type":"ImageObject","inLanguage":"pt-BR","@id":"https:\/\/4linux.com.br\/cursos\/produto\/gcp-cloud-engineer\/#primaryimage","url":"https:\/\/4linux.com.br\/cursos\/wp-content\/uploads\/sites\/2\/2026\/04\/cloud_gcp-cloud-engineer-600x600-1.jpg","contentUrl":"https:\/\/4linux.com.br\/cursos\/wp-content\/uploads\/sites\/2\/2026\/04\/cloud_gcp-cloud-engineer-600x600-1.jpg","width":600,"height":600},{"@type":"BreadcrumbList","@id":"https:\/\/4linux.com.br\/cursos\/produto\/gcp-cloud-engineer\/#breadcrumb","itemListElement":[{"@type":"ListItem","position":1,"name":"Home","item":"https:\/\/4linux.com.br\/cursos\/"},{"@type":"ListItem","position":2,"name":"Loja","item":"https:\/\/4linux.com.br\/cursos\/loja\/"},{"@type":"ListItem","position":3,"name":"GCP Cloud Engineer"}]},{"@type":"WebSite","@id":"https:\/\/4linux.com.br\/cursos\/#website","url":"https:\/\/4linux.com.br\/cursos\/","name":"Cursos 4Linux","description":"Open Software Specialists","potentialAction":[{"@type":"SearchAction","target":{"@type":"EntryPoint","urlTemplate":"https:\/\/4linux.com.br\/cursos\/?s={search_term_string}"},"query-input":{"@type":"PropertyValueSpecification","valueRequired":true,"valueName":"search_term_string"}}],"inLanguage":"pt-BR"}]}},"_links":{"self":[{"href":"https:\/\/4linux.com.br\/cursos\/wp-json\/wp\/v2\/product\/42778","targetHints":{"allow":["GET"]}}],"collection":[{"href":"https:\/\/4linux.com.br\/cursos\/wp-json\/wp\/v2\/product"}],"about":[{"href":"https:\/\/4linux.com.br\/cursos\/wp-json\/wp\/v2\/types\/product"}],"replies":[{"embeddable":true,"href":"https:\/\/4linux.com.br\/cursos\/wp-json\/wp\/v2\/comments?post=42778"}],"wp:featuredmedia":[{"embeddable":true,"href":"https:\/\/4linux.com.br\/cursos\/wp-json\/wp\/v2\/media\/42823"}],"wp:attachment":[{"href":"https:\/\/4linux.com.br\/cursos\/wp-json\/wp\/v2\/media?parent=42778"}],"wp:term":[{"taxonomy":"product_brand","embeddable":true,"href":"https:\/\/4linux.com.br\/cursos\/wp-json\/wp\/v2\/product_brand?post=42778"},{"taxonomy":"product_cat","embeddable":true,"href":"https:\/\/4linux.com.br\/cursos\/wp-json\/wp\/v2\/product_cat?post=42778"},{"taxonomy":"product_tag","embeddable":true,"href":"https:\/\/4linux.com.br\/cursos\/wp-json\/wp\/v2\/product_tag?post=42778"}],"curies":[{"name":"wp","href":"https:\/\/api.w.org\/{rel}","templated":true}]}}