{"id":42790,"date":"2026-04-22T10:29:12","date_gmt":"2026-04-22T13:29:12","guid":{"rendered":"https:\/\/4linux.com.br\/cursos\/?post_type=product&#038;p=42790"},"modified":"2026-04-22T10:30:04","modified_gmt":"2026-04-22T13:30:04","slug":"kubernetes-orquestracao-de-ambientes-escalaveis","status":"publish","type":"product","link":"https:\/\/4linux.com.br\/cursos\/produto\/kubernetes-orquestracao-de-ambientes-escalaveis\/","title":{"rendered":"Kubernetes: Orquestra\u00e7\u00e3o de Ambientes Escal\u00e1veis \u2013&#8230;"},"content":{"rendered":"<p>Instalar e gerenciar ambientes para realizar deploy de aplica\u00e7\u00f5es utilizando Kubernetes. A partir dos componentes do Kubernetes ser\u00e1 poss\u00edvel criar e escalonar servi\u00e7os em containers, tanto local ou em uma Nuvem P\u00fablica e Privada. O curso tamb\u00e9m aborda o gerenciamento de redes, volumes persistentes, monitoramento e seguran\u00e7a do Cluster. Al\u00e9m de conte\u00fados alinhados com o mercado de trabalho \u00e9 apresentado conte\u00fado das certifica\u00e7\u00f5es Certified Kubernetes Application Developer e Certified Kubernetes <\/p>\n","protected":false},"excerpt":{"rendered":"<p>Instalar e gerenciar ambientes para realizar deploy de aplica\u00e7\u00f5es utilizando Kubernetes. A partir dos componentes do Kubernetes ser\u00e1 poss\u00edvel criar e escalonar servi\u00e7os em containers, tanto local ou em uma Nuvem P\u00fablica e Privada. O curso tamb\u00e9m aborda o gerenciamento de redes, volumes persistentes, monitoramento e seguran\u00e7a do Cluster. Al\u00e9m de conte\u00fados alinhados com o [\u2026]<\/p>\n","protected":false},"featured_media":42825,"comment_status":"open","ping_status":"closed","template":"","meta":{"_acf_changed":false},"product_brand":[],"product_cat":[135],"product_tag":[],"class_list":{"0":"post-42790","1":"product","2":"type-product","3":"status-publish","4":"has-post-thumbnail","6":"product_cat-containers","8":"first","9":"outofstock","10":"shipping-taxable","11":"product-type-variable"},"acf":[],"yoast_head":"<!-- This site is optimized with the Yoast SEO plugin v27.3 - https:\/\/yoast.com\/product\/yoast-seo-wordpress\/ -->\n<title>Kubernetes: Orquestra\u00e7\u00e3o de Ambientes Escal\u00e1veis \u2013... - Cursos 4Linux<\/title>\n<meta name=\"robots\" content=\"index, follow, max-snippet:-1, max-image-preview:large, max-video-preview:-1\" \/>\n<link rel=\"canonical\" href=\"https:\/\/4linux.com.br\/cursos\/produto\/kubernetes-orquestracao-de-ambientes-escalaveis\/\" \/>\n<meta property=\"og:locale\" content=\"pt_BR\" \/>\n<meta property=\"og:type\" content=\"article\" \/>\n<meta property=\"og:title\" content=\"Kubernetes: Orquestra\u00e7\u00e3o de Ambientes Escal\u00e1veis \u2013... - Cursos 4Linux\" \/>\n<meta property=\"og:description\" content=\"Instalar e gerenciar ambientes para realizar deploy de aplica\u00e7\u00f5es utilizando Kubernetes. A partir dos componentes do Kubernetes ser\u00e1 poss\u00edvel criar e escalonar servi\u00e7os em containers, tanto local ou em uma Nuvem P\u00fablica e Privada. O curso tamb\u00e9m aborda o gerenciamento de redes, volumes persistentes, monitoramento e seguran\u00e7a do Cluster. Al\u00e9m de conte\u00fados alinhados com o [\u2026]\" \/>\n<meta property=\"og:url\" content=\"https:\/\/4linux.com.br\/cursos\/produto\/kubernetes-orquestracao-de-ambientes-escalaveis\/\" \/>\n<meta property=\"og:site_name\" content=\"Cursos 4Linux\" \/>\n<meta property=\"article:modified_time\" content=\"2026-04-22T13:30:04+00:00\" \/>\n<meta name=\"twitter:card\" content=\"summary_large_image\" \/>\n<script type=\"application\/ld+json\" class=\"yoast-schema-graph\">{\"@context\":\"https:\\\/\\\/schema.org\",\"@graph\":[{\"@type\":\"WebPage\",\"@id\":\"https:\\\/\\\/4linux.com.br\\\/cursos\\\/produto\\\/kubernetes-orquestracao-de-ambientes-escalaveis\\\/\",\"url\":\"https:\\\/\\\/4linux.com.br\\\/cursos\\\/produto\\\/kubernetes-orquestracao-de-ambientes-escalaveis\\\/\",\"name\":\"Kubernetes: Orquestra\u00e7\u00e3o de Ambientes Escal\u00e1veis \u2013... - Cursos 4Linux\",\"isPartOf\":{\"@id\":\"https:\\\/\\\/4linux.com.br\\\/cursos\\\/#website\"},\"primaryImageOfPage\":{\"@id\":\"https:\\\/\\\/4linux.com.br\\\/cursos\\\/produto\\\/kubernetes-orquestracao-de-ambientes-escalaveis\\\/#primaryimage\"},\"image\":{\"@id\":\"https:\\\/\\\/4linux.com.br\\\/cursos\\\/produto\\\/kubernetes-orquestracao-de-ambientes-escalaveis\\\/#primaryimage\"},\"thumbnailUrl\":\"https:\\\/\\\/4linux.com.br\\\/cursos\\\/wp-content\\\/uploads\\\/sites\\\/2\\\/2026\\\/04\\\/containers_kubernetes-600x600-1.png\",\"datePublished\":\"2026-04-22T13:29:12+00:00\",\"dateModified\":\"2026-04-22T13:30:04+00:00\",\"breadcrumb\":{\"@id\":\"https:\\\/\\\/4linux.com.br\\\/cursos\\\/produto\\\/kubernetes-orquestracao-de-ambientes-escalaveis\\\/#breadcrumb\"},\"inLanguage\":\"pt-BR\",\"potentialAction\":[{\"@type\":\"ReadAction\",\"target\":[\"https:\\\/\\\/4linux.com.br\\\/cursos\\\/produto\\\/kubernetes-orquestracao-de-ambientes-escalaveis\\\/\"]}]},{\"@type\":\"ImageObject\",\"inLanguage\":\"pt-BR\",\"@id\":\"https:\\\/\\\/4linux.com.br\\\/cursos\\\/produto\\\/kubernetes-orquestracao-de-ambientes-escalaveis\\\/#primaryimage\",\"url\":\"https:\\\/\\\/4linux.com.br\\\/cursos\\\/wp-content\\\/uploads\\\/sites\\\/2\\\/2026\\\/04\\\/containers_kubernetes-600x600-1.png\",\"contentUrl\":\"https:\\\/\\\/4linux.com.br\\\/cursos\\\/wp-content\\\/uploads\\\/sites\\\/2\\\/2026\\\/04\\\/containers_kubernetes-600x600-1.png\",\"width\":600,\"height\":600},{\"@type\":\"BreadcrumbList\",\"@id\":\"https:\\\/\\\/4linux.com.br\\\/cursos\\\/produto\\\/kubernetes-orquestracao-de-ambientes-escalaveis\\\/#breadcrumb\",\"itemListElement\":[{\"@type\":\"ListItem\",\"position\":1,\"name\":\"Home\",\"item\":\"https:\\\/\\\/4linux.com.br\\\/cursos\\\/\"},{\"@type\":\"ListItem\",\"position\":2,\"name\":\"Loja\",\"item\":\"https:\\\/\\\/4linux.com.br\\\/cursos\\\/loja\\\/\"},{\"@type\":\"ListItem\",\"position\":3,\"name\":\"Kubernetes: Orquestra\u00e7\u00e3o de Ambientes Escal\u00e1veis \u2013&#8230;\"}]},{\"@type\":\"WebSite\",\"@id\":\"https:\\\/\\\/4linux.com.br\\\/cursos\\\/#website\",\"url\":\"https:\\\/\\\/4linux.com.br\\\/cursos\\\/\",\"name\":\"Cursos 4Linux\",\"description\":\"Open Software Specialists\",\"potentialAction\":[{\"@type\":\"SearchAction\",\"target\":{\"@type\":\"EntryPoint\",\"urlTemplate\":\"https:\\\/\\\/4linux.com.br\\\/cursos\\\/?s={search_term_string}\"},\"query-input\":{\"@type\":\"PropertyValueSpecification\",\"valueRequired\":true,\"valueName\":\"search_term_string\"}}],\"inLanguage\":\"pt-BR\"}]}<\/script>\n<!-- \/ Yoast SEO plugin. -->","yoast_head_json":{"title":"Kubernetes: Orquestra\u00e7\u00e3o de Ambientes Escal\u00e1veis \u2013... - Cursos 4Linux","robots":{"index":"index","follow":"follow","max-snippet":"max-snippet:-1","max-image-preview":"max-image-preview:large","max-video-preview":"max-video-preview:-1"},"canonical":"https:\/\/4linux.com.br\/cursos\/produto\/kubernetes-orquestracao-de-ambientes-escalaveis\/","og_locale":"pt_BR","og_type":"article","og_title":"Kubernetes: Orquestra\u00e7\u00e3o de Ambientes Escal\u00e1veis \u2013... - Cursos 4Linux","og_description":"Instalar e gerenciar ambientes para realizar deploy de aplica\u00e7\u00f5es utilizando Kubernetes. A partir dos componentes do Kubernetes ser\u00e1 poss\u00edvel criar e escalonar servi\u00e7os em containers, tanto local ou em uma Nuvem P\u00fablica e Privada. O curso tamb\u00e9m aborda o gerenciamento de redes, volumes persistentes, monitoramento e seguran\u00e7a do Cluster. Al\u00e9m de conte\u00fados alinhados com o [\u2026]","og_url":"https:\/\/4linux.com.br\/cursos\/produto\/kubernetes-orquestracao-de-ambientes-escalaveis\/","og_site_name":"Cursos 4Linux","article_modified_time":"2026-04-22T13:30:04+00:00","twitter_card":"summary_large_image","schema":{"@context":"https:\/\/schema.org","@graph":[{"@type":"WebPage","@id":"https:\/\/4linux.com.br\/cursos\/produto\/kubernetes-orquestracao-de-ambientes-escalaveis\/","url":"https:\/\/4linux.com.br\/cursos\/produto\/kubernetes-orquestracao-de-ambientes-escalaveis\/","name":"Kubernetes: Orquestra\u00e7\u00e3o de Ambientes Escal\u00e1veis \u2013... - Cursos 4Linux","isPartOf":{"@id":"https:\/\/4linux.com.br\/cursos\/#website"},"primaryImageOfPage":{"@id":"https:\/\/4linux.com.br\/cursos\/produto\/kubernetes-orquestracao-de-ambientes-escalaveis\/#primaryimage"},"image":{"@id":"https:\/\/4linux.com.br\/cursos\/produto\/kubernetes-orquestracao-de-ambientes-escalaveis\/#primaryimage"},"thumbnailUrl":"https:\/\/4linux.com.br\/cursos\/wp-content\/uploads\/sites\/2\/2026\/04\/containers_kubernetes-600x600-1.png","datePublished":"2026-04-22T13:29:12+00:00","dateModified":"2026-04-22T13:30:04+00:00","breadcrumb":{"@id":"https:\/\/4linux.com.br\/cursos\/produto\/kubernetes-orquestracao-de-ambientes-escalaveis\/#breadcrumb"},"inLanguage":"pt-BR","potentialAction":[{"@type":"ReadAction","target":["https:\/\/4linux.com.br\/cursos\/produto\/kubernetes-orquestracao-de-ambientes-escalaveis\/"]}]},{"@type":"ImageObject","inLanguage":"pt-BR","@id":"https:\/\/4linux.com.br\/cursos\/produto\/kubernetes-orquestracao-de-ambientes-escalaveis\/#primaryimage","url":"https:\/\/4linux.com.br\/cursos\/wp-content\/uploads\/sites\/2\/2026\/04\/containers_kubernetes-600x600-1.png","contentUrl":"https:\/\/4linux.com.br\/cursos\/wp-content\/uploads\/sites\/2\/2026\/04\/containers_kubernetes-600x600-1.png","width":600,"height":600},{"@type":"BreadcrumbList","@id":"https:\/\/4linux.com.br\/cursos\/produto\/kubernetes-orquestracao-de-ambientes-escalaveis\/#breadcrumb","itemListElement":[{"@type":"ListItem","position":1,"name":"Home","item":"https:\/\/4linux.com.br\/cursos\/"},{"@type":"ListItem","position":2,"name":"Loja","item":"https:\/\/4linux.com.br\/cursos\/loja\/"},{"@type":"ListItem","position":3,"name":"Kubernetes: Orquestra\u00e7\u00e3o de Ambientes Escal\u00e1veis \u2013&#8230;"}]},{"@type":"WebSite","@id":"https:\/\/4linux.com.br\/cursos\/#website","url":"https:\/\/4linux.com.br\/cursos\/","name":"Cursos 4Linux","description":"Open Software Specialists","potentialAction":[{"@type":"SearchAction","target":{"@type":"EntryPoint","urlTemplate":"https:\/\/4linux.com.br\/cursos\/?s={search_term_string}"},"query-input":{"@type":"PropertyValueSpecification","valueRequired":true,"valueName":"search_term_string"}}],"inLanguage":"pt-BR"}]}},"_links":{"self":[{"href":"https:\/\/4linux.com.br\/cursos\/wp-json\/wp\/v2\/product\/42790","targetHints":{"allow":["GET"]}}],"collection":[{"href":"https:\/\/4linux.com.br\/cursos\/wp-json\/wp\/v2\/product"}],"about":[{"href":"https:\/\/4linux.com.br\/cursos\/wp-json\/wp\/v2\/types\/product"}],"replies":[{"embeddable":true,"href":"https:\/\/4linux.com.br\/cursos\/wp-json\/wp\/v2\/comments?post=42790"}],"wp:featuredmedia":[{"embeddable":true,"href":"https:\/\/4linux.com.br\/cursos\/wp-json\/wp\/v2\/media\/42825"}],"wp:attachment":[{"href":"https:\/\/4linux.com.br\/cursos\/wp-json\/wp\/v2\/media?parent=42790"}],"wp:term":[{"taxonomy":"product_brand","embeddable":true,"href":"https:\/\/4linux.com.br\/cursos\/wp-json\/wp\/v2\/product_brand?post=42790"},{"taxonomy":"product_cat","embeddable":true,"href":"https:\/\/4linux.com.br\/cursos\/wp-json\/wp\/v2\/product_cat?post=42790"},{"taxonomy":"product_tag","embeddable":true,"href":"https:\/\/4linux.com.br\/cursos\/wp-json\/wp\/v2\/product_tag?post=42790"}],"curies":[{"name":"wp","href":"https:\/\/api.w.org\/{rel}","templated":true}]}}