{"id":42792,"date":"2026-04-22T10:29:13","date_gmt":"2026-04-22T13:29:13","guid":{"rendered":"https:\/\/4linux.com.br\/cursos\/?post_type=product&#038;p=42792"},"modified":"2026-04-22T10:30:08","modified_gmt":"2026-04-22T13:30:08","slug":"linux-system-administrator","status":"publish","type":"product","link":"https:\/\/4linux.com.br\/cursos\/produto\/linux-system-administrator\/","title":{"rendered":"Linux System Administrator"},"content":{"rendered":"<p>Este curso capacita o aluno para se tornar um Administrador de Sistemas Linux com forte embasamento para ambientes em Cloud, alinhado com as novas demandas do mercado de trabalho. Por meio de laborat\u00f3rios pr\u00e1ticos executados no ambiente do pr\u00f3prio aluno, utilizando tecnologias de Cloud Computing ou atrav\u00e9s do LABCODE \u2013 simulador de comandos Linux com testes automatizados , o curso prover\u00e1 conhecimentos sobre comandos do Shell, editores de texto, al\u00e9m do gerenciamento de pacotes, processos, redes<\/p>\n","protected":false},"excerpt":{"rendered":"<p>Este curso capacita o aluno para se tornar um Administrador de Sistemas Linux com forte embasamento para ambientes em Cloud, alinhado com as novas demandas do mercado de trabalho. Por meio de laborat\u00f3rios pr\u00e1ticos executados no ambiente do pr\u00f3prio aluno, utilizando tecnologias de Cloud Computing ou atrav\u00e9s do LABCODE \u2013 simulador de comandos Linux com [\u2026]<\/p>\n","protected":false},"featured_media":42827,"comment_status":"open","ping_status":"closed","template":"","meta":{"_acf_changed":false},"product_brand":[],"product_cat":[140],"product_tag":[],"class_list":{"0":"post-42792","1":"product","2":"type-product","3":"status-publish","4":"has-post-thumbnail","6":"product_cat-linux","8":"first","9":"outofstock","10":"shipping-taxable","11":"product-type-variable"},"acf":[],"yoast_head":"<!-- This site is optimized with the Yoast SEO plugin v27.3 - https:\/\/yoast.com\/product\/yoast-seo-wordpress\/ -->\n<title>Linux System Administrator - Cursos 4Linux<\/title>\n<meta name=\"robots\" content=\"index, follow, max-snippet:-1, max-image-preview:large, max-video-preview:-1\" \/>\n<link rel=\"canonical\" href=\"https:\/\/4linux.com.br\/cursos\/produto\/linux-system-administrator\/\" \/>\n<meta property=\"og:locale\" content=\"pt_BR\" \/>\n<meta property=\"og:type\" content=\"article\" \/>\n<meta property=\"og:title\" content=\"Linux System Administrator - Cursos 4Linux\" \/>\n<meta property=\"og:description\" content=\"Este curso capacita o aluno para se tornar um Administrador de Sistemas Linux com forte embasamento para ambientes em Cloud, alinhado com as novas demandas do mercado de trabalho. Por meio de laborat\u00f3rios pr\u00e1ticos executados no ambiente do pr\u00f3prio aluno, utilizando tecnologias de Cloud Computing ou atrav\u00e9s do LABCODE \u2013 simulador de comandos Linux com [\u2026]\" \/>\n<meta property=\"og:url\" content=\"https:\/\/4linux.com.br\/cursos\/produto\/linux-system-administrator\/\" \/>\n<meta property=\"og:site_name\" content=\"Cursos 4Linux\" \/>\n<meta property=\"article:modified_time\" content=\"2026-04-22T13:30:08+00:00\" \/>\n<meta name=\"twitter:card\" content=\"summary_large_image\" \/>\n<script type=\"application\/ld+json\" class=\"yoast-schema-graph\">{\"@context\":\"https:\\\/\\\/schema.org\",\"@graph\":[{\"@type\":\"WebPage\",\"@id\":\"https:\\\/\\\/4linux.com.br\\\/cursos\\\/produto\\\/linux-system-administrator\\\/\",\"url\":\"https:\\\/\\\/4linux.com.br\\\/cursos\\\/produto\\\/linux-system-administrator\\\/\",\"name\":\"Linux System Administrator - Cursos 4Linux\",\"isPartOf\":{\"@id\":\"https:\\\/\\\/4linux.com.br\\\/cursos\\\/#website\"},\"primaryImageOfPage\":{\"@id\":\"https:\\\/\\\/4linux.com.br\\\/cursos\\\/produto\\\/linux-system-administrator\\\/#primaryimage\"},\"image\":{\"@id\":\"https:\\\/\\\/4linux.com.br\\\/cursos\\\/produto\\\/linux-system-administrator\\\/#primaryimage\"},\"thumbnailUrl\":\"https:\\\/\\\/4linux.com.br\\\/cursos\\\/wp-content\\\/uploads\\\/sites\\\/2\\\/2026\\\/04\\\/linux_linux-system-administrator-600x600-1.png\",\"datePublished\":\"2026-04-22T13:29:13+00:00\",\"dateModified\":\"2026-04-22T13:30:08+00:00\",\"breadcrumb\":{\"@id\":\"https:\\\/\\\/4linux.com.br\\\/cursos\\\/produto\\\/linux-system-administrator\\\/#breadcrumb\"},\"inLanguage\":\"pt-BR\",\"potentialAction\":[{\"@type\":\"ReadAction\",\"target\":[\"https:\\\/\\\/4linux.com.br\\\/cursos\\\/produto\\\/linux-system-administrator\\\/\"]}]},{\"@type\":\"ImageObject\",\"inLanguage\":\"pt-BR\",\"@id\":\"https:\\\/\\\/4linux.com.br\\\/cursos\\\/produto\\\/linux-system-administrator\\\/#primaryimage\",\"url\":\"https:\\\/\\\/4linux.com.br\\\/cursos\\\/wp-content\\\/uploads\\\/sites\\\/2\\\/2026\\\/04\\\/linux_linux-system-administrator-600x600-1.png\",\"contentUrl\":\"https:\\\/\\\/4linux.com.br\\\/cursos\\\/wp-content\\\/uploads\\\/sites\\\/2\\\/2026\\\/04\\\/linux_linux-system-administrator-600x600-1.png\",\"width\":600,\"height\":600},{\"@type\":\"BreadcrumbList\",\"@id\":\"https:\\\/\\\/4linux.com.br\\\/cursos\\\/produto\\\/linux-system-administrator\\\/#breadcrumb\",\"itemListElement\":[{\"@type\":\"ListItem\",\"position\":1,\"name\":\"Home\",\"item\":\"https:\\\/\\\/4linux.com.br\\\/cursos\\\/\"},{\"@type\":\"ListItem\",\"position\":2,\"name\":\"Loja\",\"item\":\"https:\\\/\\\/4linux.com.br\\\/cursos\\\/loja\\\/\"},{\"@type\":\"ListItem\",\"position\":3,\"name\":\"Linux System Administrator\"}]},{\"@type\":\"WebSite\",\"@id\":\"https:\\\/\\\/4linux.com.br\\\/cursos\\\/#website\",\"url\":\"https:\\\/\\\/4linux.com.br\\\/cursos\\\/\",\"name\":\"Cursos 4Linux\",\"description\":\"Open Software Specialists\",\"potentialAction\":[{\"@type\":\"SearchAction\",\"target\":{\"@type\":\"EntryPoint\",\"urlTemplate\":\"https:\\\/\\\/4linux.com.br\\\/cursos\\\/?s={search_term_string}\"},\"query-input\":{\"@type\":\"PropertyValueSpecification\",\"valueRequired\":true,\"valueName\":\"search_term_string\"}}],\"inLanguage\":\"pt-BR\"}]}<\/script>\n<!-- \/ Yoast SEO plugin. -->","yoast_head_json":{"title":"Linux System Administrator - Cursos 4Linux","robots":{"index":"index","follow":"follow","max-snippet":"max-snippet:-1","max-image-preview":"max-image-preview:large","max-video-preview":"max-video-preview:-1"},"canonical":"https:\/\/4linux.com.br\/cursos\/produto\/linux-system-administrator\/","og_locale":"pt_BR","og_type":"article","og_title":"Linux System Administrator - Cursos 4Linux","og_description":"Este curso capacita o aluno para se tornar um Administrador de Sistemas Linux com forte embasamento para ambientes em Cloud, alinhado com as novas demandas do mercado de trabalho. Por meio de laborat\u00f3rios pr\u00e1ticos executados no ambiente do pr\u00f3prio aluno, utilizando tecnologias de Cloud Computing ou atrav\u00e9s do LABCODE \u2013 simulador de comandos Linux com [\u2026]","og_url":"https:\/\/4linux.com.br\/cursos\/produto\/linux-system-administrator\/","og_site_name":"Cursos 4Linux","article_modified_time":"2026-04-22T13:30:08+00:00","twitter_card":"summary_large_image","schema":{"@context":"https:\/\/schema.org","@graph":[{"@type":"WebPage","@id":"https:\/\/4linux.com.br\/cursos\/produto\/linux-system-administrator\/","url":"https:\/\/4linux.com.br\/cursos\/produto\/linux-system-administrator\/","name":"Linux System Administrator - Cursos 4Linux","isPartOf":{"@id":"https:\/\/4linux.com.br\/cursos\/#website"},"primaryImageOfPage":{"@id":"https:\/\/4linux.com.br\/cursos\/produto\/linux-system-administrator\/#primaryimage"},"image":{"@id":"https:\/\/4linux.com.br\/cursos\/produto\/linux-system-administrator\/#primaryimage"},"thumbnailUrl":"https:\/\/4linux.com.br\/cursos\/wp-content\/uploads\/sites\/2\/2026\/04\/linux_linux-system-administrator-600x600-1.png","datePublished":"2026-04-22T13:29:13+00:00","dateModified":"2026-04-22T13:30:08+00:00","breadcrumb":{"@id":"https:\/\/4linux.com.br\/cursos\/produto\/linux-system-administrator\/#breadcrumb"},"inLanguage":"pt-BR","potentialAction":[{"@type":"ReadAction","target":["https:\/\/4linux.com.br\/cursos\/produto\/linux-system-administrator\/"]}]},{"@type":"ImageObject","inLanguage":"pt-BR","@id":"https:\/\/4linux.com.br\/cursos\/produto\/linux-system-administrator\/#primaryimage","url":"https:\/\/4linux.com.br\/cursos\/wp-content\/uploads\/sites\/2\/2026\/04\/linux_linux-system-administrator-600x600-1.png","contentUrl":"https:\/\/4linux.com.br\/cursos\/wp-content\/uploads\/sites\/2\/2026\/04\/linux_linux-system-administrator-600x600-1.png","width":600,"height":600},{"@type":"BreadcrumbList","@id":"https:\/\/4linux.com.br\/cursos\/produto\/linux-system-administrator\/#breadcrumb","itemListElement":[{"@type":"ListItem","position":1,"name":"Home","item":"https:\/\/4linux.com.br\/cursos\/"},{"@type":"ListItem","position":2,"name":"Loja","item":"https:\/\/4linux.com.br\/cursos\/loja\/"},{"@type":"ListItem","position":3,"name":"Linux System Administrator"}]},{"@type":"WebSite","@id":"https:\/\/4linux.com.br\/cursos\/#website","url":"https:\/\/4linux.com.br\/cursos\/","name":"Cursos 4Linux","description":"Open Software Specialists","potentialAction":[{"@type":"SearchAction","target":{"@type":"EntryPoint","urlTemplate":"https:\/\/4linux.com.br\/cursos\/?s={search_term_string}"},"query-input":{"@type":"PropertyValueSpecification","valueRequired":true,"valueName":"search_term_string"}}],"inLanguage":"pt-BR"}]}},"_links":{"self":[{"href":"https:\/\/4linux.com.br\/cursos\/wp-json\/wp\/v2\/product\/42792","targetHints":{"allow":["GET"]}}],"collection":[{"href":"https:\/\/4linux.com.br\/cursos\/wp-json\/wp\/v2\/product"}],"about":[{"href":"https:\/\/4linux.com.br\/cursos\/wp-json\/wp\/v2\/types\/product"}],"replies":[{"embeddable":true,"href":"https:\/\/4linux.com.br\/cursos\/wp-json\/wp\/v2\/comments?post=42792"}],"wp:featuredmedia":[{"embeddable":true,"href":"https:\/\/4linux.com.br\/cursos\/wp-json\/wp\/v2\/media\/42827"}],"wp:attachment":[{"href":"https:\/\/4linux.com.br\/cursos\/wp-json\/wp\/v2\/media?parent=42792"}],"wp:term":[{"taxonomy":"product_brand","embeddable":true,"href":"https:\/\/4linux.com.br\/cursos\/wp-json\/wp\/v2\/product_brand?post=42792"},{"taxonomy":"product_cat","embeddable":true,"href":"https:\/\/4linux.com.br\/cursos\/wp-json\/wp\/v2\/product_cat?post=42792"},{"taxonomy":"product_tag","embeddable":true,"href":"https:\/\/4linux.com.br\/cursos\/wp-json\/wp\/v2\/product_tag?post=42792"}],"curies":[{"name":"wp","href":"https:\/\/api.w.org\/{rel}","templated":true}]}}