{"id":42795,"date":"2026-04-22T10:29:16","date_gmt":"2026-04-22T13:29:16","guid":{"rendered":"https:\/\/4linux.com.br\/cursos\/?post_type=product&#038;p=42795"},"modified":"2026-04-22T10:30:23","modified_gmt":"2026-04-22T13:30:23","slug":"pentest-tecnicas-de-intrusao-em-redes-corporativas","status":"publish","type":"product","link":"https:\/\/4linux.com.br\/cursos\/produto\/pentest-tecnicas-de-intrusao-em-redes-corporativas\/","title":{"rendered":"Pentest: T\u00e9cnicas de Intrus\u00e3o em Redes Corporativas"},"content":{"rendered":"<p>O curso tem como objetivo transmitir conhecimentos b\u00e1sico necess\u00e1rio para o aluno descobrir e explorar de forma \u00e9tica e eficaz as vulnerabilidades dos sistemas, assumindo a mentalidade e o conjunto de ferramentas de um invasor utilizando um cen\u00e1rio real. Preparar o aluno para o exame EC- Council\u00ae CEH\u00ae (CertifiedEthicalHacker), com cobertura do CEHv10, EXIN\u00aeEthicalHacker. Obter a certifica\u00e7\u00e3o CEH \u00e9 o primeiro passo para a certifica\u00e7\u00e3o Certified Network Defense Architect. Mais informa\u00e7\u00f5es sobre o <\/p>\n","protected":false},"excerpt":{"rendered":"<p>O curso tem como objetivo transmitir conhecimentos b\u00e1sico necess\u00e1rio para o aluno descobrir e explorar de forma \u00e9tica e eficaz as vulnerabilidades dos sistemas, assumindo a mentalidade e o conjunto de ferramentas de um invasor utilizando um cen\u00e1rio real. Preparar o aluno para o exame EC- Council\u00ae CEH\u00ae (CertifiedEthicalHacker), com cobertura do CEHv10, EXIN\u00aeEthicalHacker. Obter [\u2026]<\/p>\n","protected":false},"featured_media":42834,"comment_status":"open","ping_status":"closed","template":"","meta":{"_acf_changed":false},"product_brand":[],"product_cat":[138],"product_tag":[],"class_list":{"0":"post-42795","1":"product","2":"type-product","3":"status-publish","4":"has-post-thumbnail","6":"product_cat-seguranca","8":"first","9":"outofstock","10":"shipping-taxable","11":"product-type-variable"},"acf":[],"yoast_head":"<!-- This site is optimized with the Yoast SEO plugin v27.3 - https:\/\/yoast.com\/product\/yoast-seo-wordpress\/ -->\n<title>Pentest: T\u00e9cnicas de Intrus\u00e3o em Redes Corporativas - Cursos 4Linux<\/title>\n<meta name=\"robots\" content=\"index, follow, max-snippet:-1, max-image-preview:large, max-video-preview:-1\" \/>\n<link rel=\"canonical\" href=\"https:\/\/4linux.com.br\/cursos\/produto\/pentest-tecnicas-de-intrusao-em-redes-corporativas\/\" \/>\n<meta property=\"og:locale\" content=\"pt_BR\" \/>\n<meta property=\"og:type\" content=\"article\" \/>\n<meta property=\"og:title\" content=\"Pentest: T\u00e9cnicas de Intrus\u00e3o em Redes Corporativas - Cursos 4Linux\" \/>\n<meta property=\"og:description\" content=\"O curso tem como objetivo transmitir conhecimentos b\u00e1sico necess\u00e1rio para o aluno descobrir e explorar de forma \u00e9tica e eficaz as vulnerabilidades dos sistemas, assumindo a mentalidade e o conjunto de ferramentas de um invasor utilizando um cen\u00e1rio real. Preparar o aluno para o exame EC- Council\u00ae CEH\u00ae (CertifiedEthicalHacker), com cobertura do CEHv10, EXIN\u00aeEthicalHacker. Obter [\u2026]\" \/>\n<meta property=\"og:url\" content=\"https:\/\/4linux.com.br\/cursos\/produto\/pentest-tecnicas-de-intrusao-em-redes-corporativas\/\" \/>\n<meta property=\"og:site_name\" content=\"Cursos 4Linux\" \/>\n<meta property=\"article:modified_time\" content=\"2026-04-22T13:30:23+00:00\" \/>\n<meta name=\"twitter:card\" content=\"summary_large_image\" \/>\n<script type=\"application\/ld+json\" class=\"yoast-schema-graph\">{\"@context\":\"https:\\\/\\\/schema.org\",\"@graph\":[{\"@type\":\"WebPage\",\"@id\":\"https:\\\/\\\/4linux.com.br\\\/cursos\\\/produto\\\/pentest-tecnicas-de-intrusao-em-redes-corporativas\\\/\",\"url\":\"https:\\\/\\\/4linux.com.br\\\/cursos\\\/produto\\\/pentest-tecnicas-de-intrusao-em-redes-corporativas\\\/\",\"name\":\"Pentest: T\u00e9cnicas de Intrus\u00e3o em Redes Corporativas - Cursos 4Linux\",\"isPartOf\":{\"@id\":\"https:\\\/\\\/4linux.com.br\\\/cursos\\\/#website\"},\"primaryImageOfPage\":{\"@id\":\"https:\\\/\\\/4linux.com.br\\\/cursos\\\/produto\\\/pentest-tecnicas-de-intrusao-em-redes-corporativas\\\/#primaryimage\"},\"image\":{\"@id\":\"https:\\\/\\\/4linux.com.br\\\/cursos\\\/produto\\\/pentest-tecnicas-de-intrusao-em-redes-corporativas\\\/#primaryimage\"},\"thumbnailUrl\":\"https:\\\/\\\/4linux.com.br\\\/cursos\\\/wp-content\\\/uploads\\\/sites\\\/2\\\/2026\\\/04\\\/seguranca_pentest-600x600-1.png\",\"datePublished\":\"2026-04-22T13:29:16+00:00\",\"dateModified\":\"2026-04-22T13:30:23+00:00\",\"breadcrumb\":{\"@id\":\"https:\\\/\\\/4linux.com.br\\\/cursos\\\/produto\\\/pentest-tecnicas-de-intrusao-em-redes-corporativas\\\/#breadcrumb\"},\"inLanguage\":\"pt-BR\",\"potentialAction\":[{\"@type\":\"ReadAction\",\"target\":[\"https:\\\/\\\/4linux.com.br\\\/cursos\\\/produto\\\/pentest-tecnicas-de-intrusao-em-redes-corporativas\\\/\"]}]},{\"@type\":\"ImageObject\",\"inLanguage\":\"pt-BR\",\"@id\":\"https:\\\/\\\/4linux.com.br\\\/cursos\\\/produto\\\/pentest-tecnicas-de-intrusao-em-redes-corporativas\\\/#primaryimage\",\"url\":\"https:\\\/\\\/4linux.com.br\\\/cursos\\\/wp-content\\\/uploads\\\/sites\\\/2\\\/2026\\\/04\\\/seguranca_pentest-600x600-1.png\",\"contentUrl\":\"https:\\\/\\\/4linux.com.br\\\/cursos\\\/wp-content\\\/uploads\\\/sites\\\/2\\\/2026\\\/04\\\/seguranca_pentest-600x600-1.png\",\"width\":600,\"height\":600},{\"@type\":\"BreadcrumbList\",\"@id\":\"https:\\\/\\\/4linux.com.br\\\/cursos\\\/produto\\\/pentest-tecnicas-de-intrusao-em-redes-corporativas\\\/#breadcrumb\",\"itemListElement\":[{\"@type\":\"ListItem\",\"position\":1,\"name\":\"Home\",\"item\":\"https:\\\/\\\/4linux.com.br\\\/cursos\\\/\"},{\"@type\":\"ListItem\",\"position\":2,\"name\":\"Loja\",\"item\":\"https:\\\/\\\/4linux.com.br\\\/cursos\\\/loja\\\/\"},{\"@type\":\"ListItem\",\"position\":3,\"name\":\"Pentest: T\u00e9cnicas de Intrus\u00e3o em Redes Corporativas\"}]},{\"@type\":\"WebSite\",\"@id\":\"https:\\\/\\\/4linux.com.br\\\/cursos\\\/#website\",\"url\":\"https:\\\/\\\/4linux.com.br\\\/cursos\\\/\",\"name\":\"Cursos 4Linux\",\"description\":\"Open Software Specialists\",\"potentialAction\":[{\"@type\":\"SearchAction\",\"target\":{\"@type\":\"EntryPoint\",\"urlTemplate\":\"https:\\\/\\\/4linux.com.br\\\/cursos\\\/?s={search_term_string}\"},\"query-input\":{\"@type\":\"PropertyValueSpecification\",\"valueRequired\":true,\"valueName\":\"search_term_string\"}}],\"inLanguage\":\"pt-BR\"}]}<\/script>\n<!-- \/ Yoast SEO plugin. -->","yoast_head_json":{"title":"Pentest: T\u00e9cnicas de Intrus\u00e3o em Redes Corporativas - Cursos 4Linux","robots":{"index":"index","follow":"follow","max-snippet":"max-snippet:-1","max-image-preview":"max-image-preview:large","max-video-preview":"max-video-preview:-1"},"canonical":"https:\/\/4linux.com.br\/cursos\/produto\/pentest-tecnicas-de-intrusao-em-redes-corporativas\/","og_locale":"pt_BR","og_type":"article","og_title":"Pentest: T\u00e9cnicas de Intrus\u00e3o em Redes Corporativas - Cursos 4Linux","og_description":"O curso tem como objetivo transmitir conhecimentos b\u00e1sico necess\u00e1rio para o aluno descobrir e explorar de forma \u00e9tica e eficaz as vulnerabilidades dos sistemas, assumindo a mentalidade e o conjunto de ferramentas de um invasor utilizando um cen\u00e1rio real. Preparar o aluno para o exame EC- Council\u00ae CEH\u00ae (CertifiedEthicalHacker), com cobertura do CEHv10, EXIN\u00aeEthicalHacker. Obter [\u2026]","og_url":"https:\/\/4linux.com.br\/cursos\/produto\/pentest-tecnicas-de-intrusao-em-redes-corporativas\/","og_site_name":"Cursos 4Linux","article_modified_time":"2026-04-22T13:30:23+00:00","twitter_card":"summary_large_image","schema":{"@context":"https:\/\/schema.org","@graph":[{"@type":"WebPage","@id":"https:\/\/4linux.com.br\/cursos\/produto\/pentest-tecnicas-de-intrusao-em-redes-corporativas\/","url":"https:\/\/4linux.com.br\/cursos\/produto\/pentest-tecnicas-de-intrusao-em-redes-corporativas\/","name":"Pentest: T\u00e9cnicas de Intrus\u00e3o em Redes Corporativas - Cursos 4Linux","isPartOf":{"@id":"https:\/\/4linux.com.br\/cursos\/#website"},"primaryImageOfPage":{"@id":"https:\/\/4linux.com.br\/cursos\/produto\/pentest-tecnicas-de-intrusao-em-redes-corporativas\/#primaryimage"},"image":{"@id":"https:\/\/4linux.com.br\/cursos\/produto\/pentest-tecnicas-de-intrusao-em-redes-corporativas\/#primaryimage"},"thumbnailUrl":"https:\/\/4linux.com.br\/cursos\/wp-content\/uploads\/sites\/2\/2026\/04\/seguranca_pentest-600x600-1.png","datePublished":"2026-04-22T13:29:16+00:00","dateModified":"2026-04-22T13:30:23+00:00","breadcrumb":{"@id":"https:\/\/4linux.com.br\/cursos\/produto\/pentest-tecnicas-de-intrusao-em-redes-corporativas\/#breadcrumb"},"inLanguage":"pt-BR","potentialAction":[{"@type":"ReadAction","target":["https:\/\/4linux.com.br\/cursos\/produto\/pentest-tecnicas-de-intrusao-em-redes-corporativas\/"]}]},{"@type":"ImageObject","inLanguage":"pt-BR","@id":"https:\/\/4linux.com.br\/cursos\/produto\/pentest-tecnicas-de-intrusao-em-redes-corporativas\/#primaryimage","url":"https:\/\/4linux.com.br\/cursos\/wp-content\/uploads\/sites\/2\/2026\/04\/seguranca_pentest-600x600-1.png","contentUrl":"https:\/\/4linux.com.br\/cursos\/wp-content\/uploads\/sites\/2\/2026\/04\/seguranca_pentest-600x600-1.png","width":600,"height":600},{"@type":"BreadcrumbList","@id":"https:\/\/4linux.com.br\/cursos\/produto\/pentest-tecnicas-de-intrusao-em-redes-corporativas\/#breadcrumb","itemListElement":[{"@type":"ListItem","position":1,"name":"Home","item":"https:\/\/4linux.com.br\/cursos\/"},{"@type":"ListItem","position":2,"name":"Loja","item":"https:\/\/4linux.com.br\/cursos\/loja\/"},{"@type":"ListItem","position":3,"name":"Pentest: T\u00e9cnicas de Intrus\u00e3o em Redes Corporativas"}]},{"@type":"WebSite","@id":"https:\/\/4linux.com.br\/cursos\/#website","url":"https:\/\/4linux.com.br\/cursos\/","name":"Cursos 4Linux","description":"Open Software Specialists","potentialAction":[{"@type":"SearchAction","target":{"@type":"EntryPoint","urlTemplate":"https:\/\/4linux.com.br\/cursos\/?s={search_term_string}"},"query-input":{"@type":"PropertyValueSpecification","valueRequired":true,"valueName":"search_term_string"}}],"inLanguage":"pt-BR"}]}},"_links":{"self":[{"href":"https:\/\/4linux.com.br\/cursos\/wp-json\/wp\/v2\/product\/42795","targetHints":{"allow":["GET"]}}],"collection":[{"href":"https:\/\/4linux.com.br\/cursos\/wp-json\/wp\/v2\/product"}],"about":[{"href":"https:\/\/4linux.com.br\/cursos\/wp-json\/wp\/v2\/types\/product"}],"replies":[{"embeddable":true,"href":"https:\/\/4linux.com.br\/cursos\/wp-json\/wp\/v2\/comments?post=42795"}],"wp:featuredmedia":[{"embeddable":true,"href":"https:\/\/4linux.com.br\/cursos\/wp-json\/wp\/v2\/media\/42834"}],"wp:attachment":[{"href":"https:\/\/4linux.com.br\/cursos\/wp-json\/wp\/v2\/media?parent=42795"}],"wp:term":[{"taxonomy":"product_brand","embeddable":true,"href":"https:\/\/4linux.com.br\/cursos\/wp-json\/wp\/v2\/product_brand?post=42795"},{"taxonomy":"product_cat","embeddable":true,"href":"https:\/\/4linux.com.br\/cursos\/wp-json\/wp\/v2\/product_cat?post=42795"},{"taxonomy":"product_tag","embeddable":true,"href":"https:\/\/4linux.com.br\/cursos\/wp-json\/wp\/v2\/product_tag?post=42795"}],"curies":[{"name":"wp","href":"https:\/\/api.w.org\/{rel}","templated":true}]}}