{"id":42799,"date":"2026-04-22T10:29:18","date_gmt":"2026-04-22T13:29:18","guid":{"rendered":"https:\/\/4linux.com.br\/cursos\/?post_type=product&#038;p=42799"},"modified":"2026-04-22T10:30:32","modified_gmt":"2026-04-22T13:30:32","slug":"preparatorio-rhcsa-e-lfcs","status":"publish","type":"product","link":"https:\/\/4linux.com.br\/cursos\/produto\/preparatorio-rhcsa-e-lfcs\/","title":{"rendered":"Preparat\u00f3rio RHCSA e LFCS"},"content":{"rendered":"<p>Este curso tem como objetivo preparar o aluno para as certifica\u00e7\u00f5es Red Hat Certified System Administrator e\/ou Linux Foundation Certified System Administrator. Al\u00e9m de abordar todos os t\u00f3picos e proporcionar laborat\u00f3rios pr\u00e1ticos voltados ao exame, tamb\u00e9m prepara ao aluno para as principais tarefas de um profissional de infraestrutura open source. Mais informa\u00e7\u00f5es sobre o curso: clique aqui! *Valor referente \u00e0 compra realizada por pessoa f\u00edsica em que a Nota Fiscal emitida ser\u00e1 apenas para CPF <\/p>\n","protected":false},"excerpt":{"rendered":"<p>Este curso tem como objetivo preparar o aluno para as certifica\u00e7\u00f5es Red Hat Certified System Administrator e\/ou Linux Foundation Certified System Administrator. Al\u00e9m de abordar todos os t\u00f3picos e proporcionar laborat\u00f3rios pr\u00e1ticos voltados ao exame, tamb\u00e9m prepara ao aluno para as principais tarefas de um profissional de infraestrutura open source. Mais informa\u00e7\u00f5es sobre o curso: [\u2026]<\/p>\n","protected":false},"featured_media":42838,"comment_status":"open","ping_status":"closed","template":"","meta":{"_acf_changed":false},"product_brand":[],"product_cat":[140],"product_tag":[],"class_list":{"0":"post-42799","1":"product","2":"type-product","3":"status-publish","4":"has-post-thumbnail","6":"product_cat-linux","8":"first","9":"outofstock","10":"shipping-taxable","11":"product-type-variable"},"acf":[],"yoast_head":"<!-- This site is optimized with the Yoast SEO plugin v27.3 - https:\/\/yoast.com\/product\/yoast-seo-wordpress\/ -->\n<title>Preparat\u00f3rio RHCSA e LFCS - Cursos 4Linux<\/title>\n<meta name=\"robots\" content=\"index, follow, max-snippet:-1, max-image-preview:large, max-video-preview:-1\" \/>\n<link rel=\"canonical\" href=\"https:\/\/4linux.com.br\/cursos\/produto\/preparatorio-rhcsa-e-lfcs\/\" \/>\n<meta property=\"og:locale\" content=\"pt_BR\" \/>\n<meta property=\"og:type\" content=\"article\" \/>\n<meta property=\"og:title\" content=\"Preparat\u00f3rio RHCSA e LFCS - Cursos 4Linux\" \/>\n<meta property=\"og:description\" content=\"Este curso tem como objetivo preparar o aluno para as certifica\u00e7\u00f5es Red Hat Certified System Administrator e\/ou Linux Foundation Certified System Administrator. Al\u00e9m de abordar todos os t\u00f3picos e proporcionar laborat\u00f3rios pr\u00e1ticos voltados ao exame, tamb\u00e9m prepara ao aluno para as principais tarefas de um profissional de infraestrutura open source. Mais informa\u00e7\u00f5es sobre o curso: [\u2026]\" \/>\n<meta property=\"og:url\" content=\"https:\/\/4linux.com.br\/cursos\/produto\/preparatorio-rhcsa-e-lfcs\/\" \/>\n<meta property=\"og:site_name\" content=\"Cursos 4Linux\" \/>\n<meta property=\"article:modified_time\" content=\"2026-04-22T13:30:32+00:00\" \/>\n<meta name=\"twitter:card\" content=\"summary_large_image\" \/>\n<script type=\"application\/ld+json\" class=\"yoast-schema-graph\">{\"@context\":\"https:\\\/\\\/schema.org\",\"@graph\":[{\"@type\":\"WebPage\",\"@id\":\"https:\\\/\\\/4linux.com.br\\\/cursos\\\/produto\\\/preparatorio-rhcsa-e-lfcs\\\/\",\"url\":\"https:\\\/\\\/4linux.com.br\\\/cursos\\\/produto\\\/preparatorio-rhcsa-e-lfcs\\\/\",\"name\":\"Preparat\u00f3rio RHCSA e LFCS - Cursos 4Linux\",\"isPartOf\":{\"@id\":\"https:\\\/\\\/4linux.com.br\\\/cursos\\\/#website\"},\"primaryImageOfPage\":{\"@id\":\"https:\\\/\\\/4linux.com.br\\\/cursos\\\/produto\\\/preparatorio-rhcsa-e-lfcs\\\/#primaryimage\"},\"image\":{\"@id\":\"https:\\\/\\\/4linux.com.br\\\/cursos\\\/produto\\\/preparatorio-rhcsa-e-lfcs\\\/#primaryimage\"},\"thumbnailUrl\":\"https:\\\/\\\/4linux.com.br\\\/cursos\\\/wp-content\\\/uploads\\\/sites\\\/2\\\/2026\\\/04\\\/Preparatorio-RHCSA-e-LFCS-600x600-1.png\",\"datePublished\":\"2026-04-22T13:29:18+00:00\",\"dateModified\":\"2026-04-22T13:30:32+00:00\",\"breadcrumb\":{\"@id\":\"https:\\\/\\\/4linux.com.br\\\/cursos\\\/produto\\\/preparatorio-rhcsa-e-lfcs\\\/#breadcrumb\"},\"inLanguage\":\"pt-BR\",\"potentialAction\":[{\"@type\":\"ReadAction\",\"target\":[\"https:\\\/\\\/4linux.com.br\\\/cursos\\\/produto\\\/preparatorio-rhcsa-e-lfcs\\\/\"]}]},{\"@type\":\"ImageObject\",\"inLanguage\":\"pt-BR\",\"@id\":\"https:\\\/\\\/4linux.com.br\\\/cursos\\\/produto\\\/preparatorio-rhcsa-e-lfcs\\\/#primaryimage\",\"url\":\"https:\\\/\\\/4linux.com.br\\\/cursos\\\/wp-content\\\/uploads\\\/sites\\\/2\\\/2026\\\/04\\\/Preparatorio-RHCSA-e-LFCS-600x600-1.png\",\"contentUrl\":\"https:\\\/\\\/4linux.com.br\\\/cursos\\\/wp-content\\\/uploads\\\/sites\\\/2\\\/2026\\\/04\\\/Preparatorio-RHCSA-e-LFCS-600x600-1.png\",\"width\":600,\"height\":600},{\"@type\":\"BreadcrumbList\",\"@id\":\"https:\\\/\\\/4linux.com.br\\\/cursos\\\/produto\\\/preparatorio-rhcsa-e-lfcs\\\/#breadcrumb\",\"itemListElement\":[{\"@type\":\"ListItem\",\"position\":1,\"name\":\"Home\",\"item\":\"https:\\\/\\\/4linux.com.br\\\/cursos\\\/\"},{\"@type\":\"ListItem\",\"position\":2,\"name\":\"Loja\",\"item\":\"https:\\\/\\\/4linux.com.br\\\/cursos\\\/loja\\\/\"},{\"@type\":\"ListItem\",\"position\":3,\"name\":\"Preparat\u00f3rio RHCSA e LFCS\"}]},{\"@type\":\"WebSite\",\"@id\":\"https:\\\/\\\/4linux.com.br\\\/cursos\\\/#website\",\"url\":\"https:\\\/\\\/4linux.com.br\\\/cursos\\\/\",\"name\":\"Cursos 4Linux\",\"description\":\"Open Software Specialists\",\"potentialAction\":[{\"@type\":\"SearchAction\",\"target\":{\"@type\":\"EntryPoint\",\"urlTemplate\":\"https:\\\/\\\/4linux.com.br\\\/cursos\\\/?s={search_term_string}\"},\"query-input\":{\"@type\":\"PropertyValueSpecification\",\"valueRequired\":true,\"valueName\":\"search_term_string\"}}],\"inLanguage\":\"pt-BR\"}]}<\/script>\n<!-- \/ Yoast SEO plugin. -->","yoast_head_json":{"title":"Preparat\u00f3rio RHCSA e LFCS - Cursos 4Linux","robots":{"index":"index","follow":"follow","max-snippet":"max-snippet:-1","max-image-preview":"max-image-preview:large","max-video-preview":"max-video-preview:-1"},"canonical":"https:\/\/4linux.com.br\/cursos\/produto\/preparatorio-rhcsa-e-lfcs\/","og_locale":"pt_BR","og_type":"article","og_title":"Preparat\u00f3rio RHCSA e LFCS - Cursos 4Linux","og_description":"Este curso tem como objetivo preparar o aluno para as certifica\u00e7\u00f5es Red Hat Certified System Administrator e\/ou Linux Foundation Certified System Administrator. Al\u00e9m de abordar todos os t\u00f3picos e proporcionar laborat\u00f3rios pr\u00e1ticos voltados ao exame, tamb\u00e9m prepara ao aluno para as principais tarefas de um profissional de infraestrutura open source. Mais informa\u00e7\u00f5es sobre o curso: [\u2026]","og_url":"https:\/\/4linux.com.br\/cursos\/produto\/preparatorio-rhcsa-e-lfcs\/","og_site_name":"Cursos 4Linux","article_modified_time":"2026-04-22T13:30:32+00:00","twitter_card":"summary_large_image","schema":{"@context":"https:\/\/schema.org","@graph":[{"@type":"WebPage","@id":"https:\/\/4linux.com.br\/cursos\/produto\/preparatorio-rhcsa-e-lfcs\/","url":"https:\/\/4linux.com.br\/cursos\/produto\/preparatorio-rhcsa-e-lfcs\/","name":"Preparat\u00f3rio RHCSA e LFCS - Cursos 4Linux","isPartOf":{"@id":"https:\/\/4linux.com.br\/cursos\/#website"},"primaryImageOfPage":{"@id":"https:\/\/4linux.com.br\/cursos\/produto\/preparatorio-rhcsa-e-lfcs\/#primaryimage"},"image":{"@id":"https:\/\/4linux.com.br\/cursos\/produto\/preparatorio-rhcsa-e-lfcs\/#primaryimage"},"thumbnailUrl":"https:\/\/4linux.com.br\/cursos\/wp-content\/uploads\/sites\/2\/2026\/04\/Preparatorio-RHCSA-e-LFCS-600x600-1.png","datePublished":"2026-04-22T13:29:18+00:00","dateModified":"2026-04-22T13:30:32+00:00","breadcrumb":{"@id":"https:\/\/4linux.com.br\/cursos\/produto\/preparatorio-rhcsa-e-lfcs\/#breadcrumb"},"inLanguage":"pt-BR","potentialAction":[{"@type":"ReadAction","target":["https:\/\/4linux.com.br\/cursos\/produto\/preparatorio-rhcsa-e-lfcs\/"]}]},{"@type":"ImageObject","inLanguage":"pt-BR","@id":"https:\/\/4linux.com.br\/cursos\/produto\/preparatorio-rhcsa-e-lfcs\/#primaryimage","url":"https:\/\/4linux.com.br\/cursos\/wp-content\/uploads\/sites\/2\/2026\/04\/Preparatorio-RHCSA-e-LFCS-600x600-1.png","contentUrl":"https:\/\/4linux.com.br\/cursos\/wp-content\/uploads\/sites\/2\/2026\/04\/Preparatorio-RHCSA-e-LFCS-600x600-1.png","width":600,"height":600},{"@type":"BreadcrumbList","@id":"https:\/\/4linux.com.br\/cursos\/produto\/preparatorio-rhcsa-e-lfcs\/#breadcrumb","itemListElement":[{"@type":"ListItem","position":1,"name":"Home","item":"https:\/\/4linux.com.br\/cursos\/"},{"@type":"ListItem","position":2,"name":"Loja","item":"https:\/\/4linux.com.br\/cursos\/loja\/"},{"@type":"ListItem","position":3,"name":"Preparat\u00f3rio RHCSA e LFCS"}]},{"@type":"WebSite","@id":"https:\/\/4linux.com.br\/cursos\/#website","url":"https:\/\/4linux.com.br\/cursos\/","name":"Cursos 4Linux","description":"Open Software Specialists","potentialAction":[{"@type":"SearchAction","target":{"@type":"EntryPoint","urlTemplate":"https:\/\/4linux.com.br\/cursos\/?s={search_term_string}"},"query-input":{"@type":"PropertyValueSpecification","valueRequired":true,"valueName":"search_term_string"}}],"inLanguage":"pt-BR"}]}},"_links":{"self":[{"href":"https:\/\/4linux.com.br\/cursos\/wp-json\/wp\/v2\/product\/42799","targetHints":{"allow":["GET"]}}],"collection":[{"href":"https:\/\/4linux.com.br\/cursos\/wp-json\/wp\/v2\/product"}],"about":[{"href":"https:\/\/4linux.com.br\/cursos\/wp-json\/wp\/v2\/types\/product"}],"replies":[{"embeddable":true,"href":"https:\/\/4linux.com.br\/cursos\/wp-json\/wp\/v2\/comments?post=42799"}],"wp:featuredmedia":[{"embeddable":true,"href":"https:\/\/4linux.com.br\/cursos\/wp-json\/wp\/v2\/media\/42838"}],"wp:attachment":[{"href":"https:\/\/4linux.com.br\/cursos\/wp-json\/wp\/v2\/media?parent=42799"}],"wp:term":[{"taxonomy":"product_brand","embeddable":true,"href":"https:\/\/4linux.com.br\/cursos\/wp-json\/wp\/v2\/product_brand?post=42799"},{"taxonomy":"product_cat","embeddable":true,"href":"https:\/\/4linux.com.br\/cursos\/wp-json\/wp\/v2\/product_cat?post=42799"},{"taxonomy":"product_tag","embeddable":true,"href":"https:\/\/4linux.com.br\/cursos\/wp-json\/wp\/v2\/product_tag?post=42799"}],"curies":[{"name":"wp","href":"https:\/\/api.w.org\/{rel}","templated":true}]}}