{"id":42801,"date":"2026-04-22T10:29:19","date_gmt":"2026-04-22T13:29:19","guid":{"rendered":"https:\/\/4linux.com.br\/cursos\/?post_type=product&#038;p=42801"},"modified":"2026-04-22T10:30:36","modified_gmt":"2026-04-22T13:30:36","slug":"python-for-api-and-devops-integration","status":"publish","type":"product","link":"https:\/\/4linux.com.br\/cursos\/produto\/python-for-api-and-devops-integration\/","title":{"rendered":"Python For Api And Devops Integration"},"content":{"rendered":"<p>Objetivo deste curso \u00e9 preparar o aluno para desenvolver e integrar servi\u00e7os atrav\u00e9s da constru\u00e7\u00e3o de APIs em Python al\u00e9m de apresentar uma esteira de desenvolvimento, integrando ferramentas de versionamento de c\u00f3digo, integra\u00e7\u00e3o cont\u00ednua com git, gitlab-ci, dockerhub e heroku. Mais informa\u00e7\u00f5es sobre o curso: clique aqui! *Valor referente \u00e0 compra realizada por pessoa f\u00edsica em que a Nota Fiscal emitida ser\u00e1 apenas para CPF e n\u00e3o CNPJ. Para CNPJ, Pessoa Jur\u00eddica, Turmas Fechadas ou In Company \u2013 <\/p>\n","protected":false},"excerpt":{"rendered":"<p>Objetivo deste curso \u00e9 preparar o aluno para desenvolver e integrar servi\u00e7os atrav\u00e9s da constru\u00e7\u00e3o de APIs em Python al\u00e9m de apresentar uma esteira de desenvolvimento, integrando ferramentas de versionamento de c\u00f3digo, integra\u00e7\u00e3o cont\u00ednua com git, gitlab-ci, dockerhub e heroku. Mais informa\u00e7\u00f5es sobre o curso: clique aqui! *Valor referente \u00e0 compra realizada por pessoa f\u00edsica [\u2026]<\/p>\n","protected":false},"featured_media":42840,"comment_status":"open","ping_status":"closed","template":"","meta":{"_acf_changed":false},"product_brand":[],"product_cat":[141],"product_tag":[],"class_list":{"0":"post-42801","1":"product","2":"type-product","3":"status-publish","4":"has-post-thumbnail","6":"product_cat-python","8":"first","9":"outofstock","10":"shipping-taxable","11":"product-type-variable"},"acf":[],"yoast_head":"<!-- This site is optimized with the Yoast SEO plugin v27.3 - https:\/\/yoast.com\/product\/yoast-seo-wordpress\/ -->\n<title>Python For Api And Devops Integration - Cursos 4Linux<\/title>\n<meta name=\"robots\" content=\"index, follow, max-snippet:-1, max-image-preview:large, max-video-preview:-1\" \/>\n<link rel=\"canonical\" href=\"https:\/\/4linux.com.br\/cursos\/produto\/python-for-api-and-devops-integration\/\" \/>\n<meta property=\"og:locale\" content=\"pt_BR\" \/>\n<meta property=\"og:type\" content=\"article\" \/>\n<meta property=\"og:title\" content=\"Python For Api And Devops Integration - Cursos 4Linux\" \/>\n<meta property=\"og:description\" content=\"Objetivo deste curso \u00e9 preparar o aluno para desenvolver e integrar servi\u00e7os atrav\u00e9s da constru\u00e7\u00e3o de APIs em Python al\u00e9m de apresentar uma esteira de desenvolvimento, integrando ferramentas de versionamento de c\u00f3digo, integra\u00e7\u00e3o cont\u00ednua com git, gitlab-ci, dockerhub e heroku. Mais informa\u00e7\u00f5es sobre o curso: clique aqui! *Valor referente \u00e0 compra realizada por pessoa f\u00edsica [\u2026]\" \/>\n<meta property=\"og:url\" content=\"https:\/\/4linux.com.br\/cursos\/produto\/python-for-api-and-devops-integration\/\" \/>\n<meta property=\"og:site_name\" content=\"Cursos 4Linux\" \/>\n<meta property=\"article:modified_time\" content=\"2026-04-22T13:30:36+00:00\" \/>\n<meta name=\"twitter:card\" content=\"summary_large_image\" \/>\n<script type=\"application\/ld+json\" class=\"yoast-schema-graph\">{\"@context\":\"https:\\\/\\\/schema.org\",\"@graph\":[{\"@type\":\"WebPage\",\"@id\":\"https:\\\/\\\/4linux.com.br\\\/cursos\\\/produto\\\/python-for-api-and-devops-integration\\\/\",\"url\":\"https:\\\/\\\/4linux.com.br\\\/cursos\\\/produto\\\/python-for-api-and-devops-integration\\\/\",\"name\":\"Python For Api And Devops Integration - Cursos 4Linux\",\"isPartOf\":{\"@id\":\"https:\\\/\\\/4linux.com.br\\\/cursos\\\/#website\"},\"primaryImageOfPage\":{\"@id\":\"https:\\\/\\\/4linux.com.br\\\/cursos\\\/produto\\\/python-for-api-and-devops-integration\\\/#primaryimage\"},\"image\":{\"@id\":\"https:\\\/\\\/4linux.com.br\\\/cursos\\\/produto\\\/python-for-api-and-devops-integration\\\/#primaryimage\"},\"thumbnailUrl\":\"https:\\\/\\\/4linux.com.br\\\/cursos\\\/wp-content\\\/uploads\\\/sites\\\/2\\\/2026\\\/04\\\/dev_python-api-devops-600x600-1.png\",\"datePublished\":\"2026-04-22T13:29:19+00:00\",\"dateModified\":\"2026-04-22T13:30:36+00:00\",\"breadcrumb\":{\"@id\":\"https:\\\/\\\/4linux.com.br\\\/cursos\\\/produto\\\/python-for-api-and-devops-integration\\\/#breadcrumb\"},\"inLanguage\":\"pt-BR\",\"potentialAction\":[{\"@type\":\"ReadAction\",\"target\":[\"https:\\\/\\\/4linux.com.br\\\/cursos\\\/produto\\\/python-for-api-and-devops-integration\\\/\"]}]},{\"@type\":\"ImageObject\",\"inLanguage\":\"pt-BR\",\"@id\":\"https:\\\/\\\/4linux.com.br\\\/cursos\\\/produto\\\/python-for-api-and-devops-integration\\\/#primaryimage\",\"url\":\"https:\\\/\\\/4linux.com.br\\\/cursos\\\/wp-content\\\/uploads\\\/sites\\\/2\\\/2026\\\/04\\\/dev_python-api-devops-600x600-1.png\",\"contentUrl\":\"https:\\\/\\\/4linux.com.br\\\/cursos\\\/wp-content\\\/uploads\\\/sites\\\/2\\\/2026\\\/04\\\/dev_python-api-devops-600x600-1.png\",\"width\":600,\"height\":600},{\"@type\":\"BreadcrumbList\",\"@id\":\"https:\\\/\\\/4linux.com.br\\\/cursos\\\/produto\\\/python-for-api-and-devops-integration\\\/#breadcrumb\",\"itemListElement\":[{\"@type\":\"ListItem\",\"position\":1,\"name\":\"Home\",\"item\":\"https:\\\/\\\/4linux.com.br\\\/cursos\\\/\"},{\"@type\":\"ListItem\",\"position\":2,\"name\":\"Loja\",\"item\":\"https:\\\/\\\/4linux.com.br\\\/cursos\\\/loja\\\/\"},{\"@type\":\"ListItem\",\"position\":3,\"name\":\"Python For Api And Devops Integration\"}]},{\"@type\":\"WebSite\",\"@id\":\"https:\\\/\\\/4linux.com.br\\\/cursos\\\/#website\",\"url\":\"https:\\\/\\\/4linux.com.br\\\/cursos\\\/\",\"name\":\"Cursos 4Linux\",\"description\":\"Open Software Specialists\",\"potentialAction\":[{\"@type\":\"SearchAction\",\"target\":{\"@type\":\"EntryPoint\",\"urlTemplate\":\"https:\\\/\\\/4linux.com.br\\\/cursos\\\/?s={search_term_string}\"},\"query-input\":{\"@type\":\"PropertyValueSpecification\",\"valueRequired\":true,\"valueName\":\"search_term_string\"}}],\"inLanguage\":\"pt-BR\"}]}<\/script>\n<!-- \/ Yoast SEO plugin. -->","yoast_head_json":{"title":"Python For Api And Devops Integration - Cursos 4Linux","robots":{"index":"index","follow":"follow","max-snippet":"max-snippet:-1","max-image-preview":"max-image-preview:large","max-video-preview":"max-video-preview:-1"},"canonical":"https:\/\/4linux.com.br\/cursos\/produto\/python-for-api-and-devops-integration\/","og_locale":"pt_BR","og_type":"article","og_title":"Python For Api And Devops Integration - Cursos 4Linux","og_description":"Objetivo deste curso \u00e9 preparar o aluno para desenvolver e integrar servi\u00e7os atrav\u00e9s da constru\u00e7\u00e3o de APIs em Python al\u00e9m de apresentar uma esteira de desenvolvimento, integrando ferramentas de versionamento de c\u00f3digo, integra\u00e7\u00e3o cont\u00ednua com git, gitlab-ci, dockerhub e heroku. Mais informa\u00e7\u00f5es sobre o curso: clique aqui! *Valor referente \u00e0 compra realizada por pessoa f\u00edsica [\u2026]","og_url":"https:\/\/4linux.com.br\/cursos\/produto\/python-for-api-and-devops-integration\/","og_site_name":"Cursos 4Linux","article_modified_time":"2026-04-22T13:30:36+00:00","twitter_card":"summary_large_image","schema":{"@context":"https:\/\/schema.org","@graph":[{"@type":"WebPage","@id":"https:\/\/4linux.com.br\/cursos\/produto\/python-for-api-and-devops-integration\/","url":"https:\/\/4linux.com.br\/cursos\/produto\/python-for-api-and-devops-integration\/","name":"Python For Api And Devops Integration - Cursos 4Linux","isPartOf":{"@id":"https:\/\/4linux.com.br\/cursos\/#website"},"primaryImageOfPage":{"@id":"https:\/\/4linux.com.br\/cursos\/produto\/python-for-api-and-devops-integration\/#primaryimage"},"image":{"@id":"https:\/\/4linux.com.br\/cursos\/produto\/python-for-api-and-devops-integration\/#primaryimage"},"thumbnailUrl":"https:\/\/4linux.com.br\/cursos\/wp-content\/uploads\/sites\/2\/2026\/04\/dev_python-api-devops-600x600-1.png","datePublished":"2026-04-22T13:29:19+00:00","dateModified":"2026-04-22T13:30:36+00:00","breadcrumb":{"@id":"https:\/\/4linux.com.br\/cursos\/produto\/python-for-api-and-devops-integration\/#breadcrumb"},"inLanguage":"pt-BR","potentialAction":[{"@type":"ReadAction","target":["https:\/\/4linux.com.br\/cursos\/produto\/python-for-api-and-devops-integration\/"]}]},{"@type":"ImageObject","inLanguage":"pt-BR","@id":"https:\/\/4linux.com.br\/cursos\/produto\/python-for-api-and-devops-integration\/#primaryimage","url":"https:\/\/4linux.com.br\/cursos\/wp-content\/uploads\/sites\/2\/2026\/04\/dev_python-api-devops-600x600-1.png","contentUrl":"https:\/\/4linux.com.br\/cursos\/wp-content\/uploads\/sites\/2\/2026\/04\/dev_python-api-devops-600x600-1.png","width":600,"height":600},{"@type":"BreadcrumbList","@id":"https:\/\/4linux.com.br\/cursos\/produto\/python-for-api-and-devops-integration\/#breadcrumb","itemListElement":[{"@type":"ListItem","position":1,"name":"Home","item":"https:\/\/4linux.com.br\/cursos\/"},{"@type":"ListItem","position":2,"name":"Loja","item":"https:\/\/4linux.com.br\/cursos\/loja\/"},{"@type":"ListItem","position":3,"name":"Python For Api And Devops Integration"}]},{"@type":"WebSite","@id":"https:\/\/4linux.com.br\/cursos\/#website","url":"https:\/\/4linux.com.br\/cursos\/","name":"Cursos 4Linux","description":"Open Software Specialists","potentialAction":[{"@type":"SearchAction","target":{"@type":"EntryPoint","urlTemplate":"https:\/\/4linux.com.br\/cursos\/?s={search_term_string}"},"query-input":{"@type":"PropertyValueSpecification","valueRequired":true,"valueName":"search_term_string"}}],"inLanguage":"pt-BR"}]}},"_links":{"self":[{"href":"https:\/\/4linux.com.br\/cursos\/wp-json\/wp\/v2\/product\/42801","targetHints":{"allow":["GET"]}}],"collection":[{"href":"https:\/\/4linux.com.br\/cursos\/wp-json\/wp\/v2\/product"}],"about":[{"href":"https:\/\/4linux.com.br\/cursos\/wp-json\/wp\/v2\/types\/product"}],"replies":[{"embeddable":true,"href":"https:\/\/4linux.com.br\/cursos\/wp-json\/wp\/v2\/comments?post=42801"}],"wp:featuredmedia":[{"embeddable":true,"href":"https:\/\/4linux.com.br\/cursos\/wp-json\/wp\/v2\/media\/42840"}],"wp:attachment":[{"href":"https:\/\/4linux.com.br\/cursos\/wp-json\/wp\/v2\/media?parent=42801"}],"wp:term":[{"taxonomy":"product_brand","embeddable":true,"href":"https:\/\/4linux.com.br\/cursos\/wp-json\/wp\/v2\/product_brand?post=42801"},{"taxonomy":"product_cat","embeddable":true,"href":"https:\/\/4linux.com.br\/cursos\/wp-json\/wp\/v2\/product_cat?post=42801"},{"taxonomy":"product_tag","embeddable":true,"href":"https:\/\/4linux.com.br\/cursos\/wp-json\/wp\/v2\/product_tag?post=42801"}],"curies":[{"name":"wp","href":"https:\/\/api.w.org\/{rel}","templated":true}]}}