{"id":42808,"date":"2026-04-22T10:29:22","date_gmt":"2026-04-22T13:29:22","guid":{"rendered":"https:\/\/4linux.com.br\/cursos\/?post_type=product&#038;p=42808"},"modified":"2026-04-23T12:56:50","modified_gmt":"2026-04-23T15:56:50","slug":"voucher-lpic-1-provas-101-102","status":"publish","type":"product","link":"https:\/\/4linux.com.br\/cursos\/produto\/voucher-lpic-1-provas-101-102\/","title":{"rendered":"Voucher LPIC-1 \u2013 Provas 101 + 102"},"content":{"rendered":"<p>LPIC-1 \u00e9 a primeira certifica\u00e7\u00e3o no programa de certifica\u00e7\u00e3o profissional Linux multin\u00edvel do LPI. O LPIC-1 ir\u00e1 validar a capacidade do candidato para executar tarefas de manuten\u00e7\u00e3o na linha de comando, instalar e configurar um computador com Linux e configurar a rede b\u00e1sica. Provas 101 e 102<\/p>\n<p><span data-sheets-value=\"{&quot;1&quot;:2,&quot;2&quot;:&quot;Este curso aborda as melhores pr\u00e1ticas para a constru\u00e7\u00e3o de um ambiente de monitoramento DevOps com as principais ferramentas Open Source do mercado, como Zabbix, Prometheus, Grafana e Graylog.&quot;}\" data-sheets-userformat=\"{&quot;2&quot;:1021,&quot;3&quot;:{&quot;1&quot;:0},&quot;5&quot;:{&quot;1&quot;:[{&quot;1&quot;:2,&quot;2&quot;:0,&quot;5&quot;:{&quot;1&quot;:2,&quot;2&quot;:0}},{&quot;1&quot;:0,&quot;2&quot;:0,&quot;3&quot;:3},{&quot;1&quot;:1,&quot;2&quot;:0,&quot;4&quot;:1}]},&quot;6&quot;:{&quot;1&quot;:[{&quot;1&quot;:2,&quot;2&quot;:0,&quot;5&quot;:{&quot;1&quot;:2,&quot;2&quot;:0}},{&quot;1&quot;:0,&quot;2&quot;:0,&quot;3&quot;:3},{&quot;1&quot;:1,&quot;2&quot;:0,&quot;4&quot;:1}]},&quot;7&quot;:{&quot;1&quot;:[{&quot;1&quot;:2,&quot;2&quot;:0,&quot;5&quot;:{&quot;1&quot;:2,&quot;2&quot;:0}},{&quot;1&quot;:0,&quot;2&quot;:0,&quot;3&quot;:3},{&quot;1&quot;:1,&quot;2&quot;:0,&quot;4&quot;:1}]},&quot;8&quot;:{&quot;1&quot;:[{&quot;1&quot;:2,&quot;2&quot;:0,&quot;5&quot;:{&quot;1&quot;:2,&quot;2&quot;:0}},{&quot;1&quot;:0,&quot;2&quot;:0,&quot;3&quot;:3},{&quot;1&quot;:1,&quot;2&quot;:0,&quot;4&quot;:1}]},&quot;9&quot;:1,&quot;10&quot;:1,&quot;11&quot;:4,&quot;12&quot;:0}\">Mais informa\u00e7\u00f5es sobre a certifica\u00e7\u00e3o: <a href=\"https:\/\/lpibrasil.com.br\/lpic-1\/\">clique aqui<\/a><\/span><\/p>\n<p>Existem v\u00e1rias raz\u00f5es pelas quais a LPI \u00e9 importante:<\/p>\n<ol>\n<li>Valida\u00e7\u00e3o de habilidades: As certifica\u00e7\u00f5es da LPI fornecem uma valida\u00e7\u00e3o objetiva das habilidades e conhecimentos t\u00e9cnicos de um profissional em rela\u00e7\u00e3o ao Linux. Elas ajudam a estabelecer a compet\u00eancia e a confian\u00e7a necess\u00e1rias para trabalhar com sucesso nesse campo.<\/li>\n<li>Reconhecimento do setor: As certifica\u00e7\u00f5es da LPI s\u00e3o reconhecidas internacionalmente e s\u00e3o valorizadas por muitas empresas e organiza\u00e7\u00f5es. Elas s\u00e3o frequentemente usadas como um crit\u00e9rio de sele\u00e7\u00e3o para empregos relacionados ao Linux e podem ajudar os profissionais a se destacarem em um mercado de trabalho competitivo.<\/li>\n<li>Padroniza\u00e7\u00e3o: A LPI define um conjunto de padr\u00f5es e melhores pr\u00e1ticas para o conhecimento e as habilidades em Linux. Isso ajuda a estabelecer uma base s\u00f3lida e consistente para profissionais de TI, al\u00e9m de garantir que os candidatos certificados tenham um n\u00edvel m\u00ednimo de compet\u00eancia.<\/li>\n<li>Desenvolvimento profissional: As certifica\u00e7\u00f5es da LPI oferecem oportunidades de desenvolvimento profissional e crescimento na carreira. Elas permitem que os profissionais demonstrem sua expertise em Linux e sejam reconhecidos por suas habilidades, o que pode levar a promo\u00e7\u00f5es, aumento salarial e melhores oportunidades de trabalho.<\/li>\n<li>Acesso \u00e0 comunidade: A LPI tamb\u00e9m oferece acesso a uma comunidade global de profissionais certificados em Linux. Isso permite que os certificados da LPI se conectem, compartilhem conhecimentos, participem de f\u00f3runs de discuss\u00e3o e tenham acesso a recursos e eventos exclusivos.<\/li>\n<\/ol>\n","protected":false},"excerpt":{"rendered":"<p>LPIC-1 \u00e9 a primeira certifica\u00e7\u00e3o no programa de certifica\u00e7\u00e3o profissional Linux multin\u00edvel do LPI. O LPIC-1 ir\u00e1 validar a capacidade do candidato para executar tarefas de manuten\u00e7\u00e3o na linha de comando, instalar e configurar um computador com Linux e configurar a rede b\u00e1sica. Provas 101 e 102 Mais informa\u00e7\u00f5es sobre a certifica\u00e7\u00e3o: clique aqui Existem [\u2026]<\/p>\n","protected":false},"featured_media":42847,"comment_status":"open","ping_status":"closed","template":"","meta":{"_acf_changed":false},"product_brand":[],"product_cat":[142],"product_tag":[],"class_list":{"0":"post-42808","1":"product","2":"type-product","3":"status-publish","4":"has-post-thumbnail","6":"product_cat-certificacao-lpi","8":"first","9":"instock","10":"shipping-taxable","11":"purchasable","12":"product-type-simple"},"acf":[],"yoast_head":"<!-- This site is optimized with the Yoast SEO plugin v27.3 - https:\/\/yoast.com\/product\/yoast-seo-wordpress\/ -->\n<title>Voucher LPIC-1 \u2013 Provas 101 + 102 - Cursos 4Linux<\/title>\n<meta name=\"description\" content=\"A certifica\u00e7\u00e3o LPIC-1 ir\u00e1 validar a capacidade para executar tarefas de manuten\u00e7\u00e3o na linha de comando, instalar e configurar um computador com Linux e configurar a rede b\u00e1sica.\" \/>\n<meta name=\"robots\" content=\"index, follow, max-snippet:-1, max-image-preview:large, max-video-preview:-1\" \/>\n<link rel=\"canonical\" href=\"https:\/\/4linux.com.br\/cursos\/produto\/voucher-lpic-1-provas-101-102\/\" \/>\n<meta property=\"og:locale\" content=\"pt_BR\" \/>\n<meta property=\"og:type\" content=\"article\" \/>\n<meta property=\"og:title\" content=\"Voucher LPIC-1 \u2013 Provas 101 + 102 - Cursos 4Linux\" \/>\n<meta property=\"og:description\" content=\"A certifica\u00e7\u00e3o LPIC-1 ir\u00e1 validar a capacidade para executar tarefas de manuten\u00e7\u00e3o na linha de comando, instalar e configurar um computador com Linux e configurar a rede b\u00e1sica.\" \/>\n<meta property=\"og:url\" content=\"https:\/\/4linux.com.br\/cursos\/produto\/voucher-lpic-1-provas-101-102\/\" \/>\n<meta property=\"og:site_name\" content=\"Cursos 4Linux\" \/>\n<meta property=\"article:modified_time\" content=\"2026-04-23T15:56:50+00:00\" \/>\n<meta property=\"og:image\" content=\"https:\/\/4linux.com.br\/cursos\/wp-content\/uploads\/sites\/2\/2026\/04\/certificacoes-lpi_lpic-1-600x600-1.jpg\" \/>\n\t<meta property=\"og:image:width\" content=\"600\" \/>\n\t<meta property=\"og:image:height\" content=\"600\" \/>\n\t<meta property=\"og:image:type\" content=\"image\/jpeg\" \/>\n<meta name=\"twitter:card\" content=\"summary_large_image\" \/>\n<meta name=\"twitter:label1\" content=\"Est. tempo de leitura\" \/>\n\t<meta name=\"twitter:data1\" content=\"2 minutos\" \/>\n<script type=\"application\/ld+json\" class=\"yoast-schema-graph\">{\"@context\":\"https:\\\/\\\/schema.org\",\"@graph\":[{\"@type\":\"WebPage\",\"@id\":\"https:\\\/\\\/4linux.com.br\\\/cursos\\\/produto\\\/voucher-lpic-1-provas-101-102\\\/\",\"url\":\"https:\\\/\\\/4linux.com.br\\\/cursos\\\/produto\\\/voucher-lpic-1-provas-101-102\\\/\",\"name\":\"Voucher LPIC-1 \u2013 Provas 101 + 102 - Cursos 4Linux\",\"isPartOf\":{\"@id\":\"https:\\\/\\\/4linux.com.br\\\/cursos\\\/#website\"},\"primaryImageOfPage\":{\"@id\":\"https:\\\/\\\/4linux.com.br\\\/cursos\\\/produto\\\/voucher-lpic-1-provas-101-102\\\/#primaryimage\"},\"image\":{\"@id\":\"https:\\\/\\\/4linux.com.br\\\/cursos\\\/produto\\\/voucher-lpic-1-provas-101-102\\\/#primaryimage\"},\"thumbnailUrl\":\"https:\\\/\\\/4linux.com.br\\\/cursos\\\/wp-content\\\/uploads\\\/sites\\\/2\\\/2026\\\/04\\\/certificacoes-lpi_lpic-1-600x600-1.jpg\",\"datePublished\":\"2026-04-22T13:29:22+00:00\",\"dateModified\":\"2026-04-23T15:56:50+00:00\",\"description\":\"A certifica\u00e7\u00e3o LPIC-1 ir\u00e1 validar a capacidade para executar tarefas de manuten\u00e7\u00e3o na linha de comando, instalar e configurar um computador com Linux e configurar a rede b\u00e1sica.\",\"breadcrumb\":{\"@id\":\"https:\\\/\\\/4linux.com.br\\\/cursos\\\/produto\\\/voucher-lpic-1-provas-101-102\\\/#breadcrumb\"},\"inLanguage\":\"pt-BR\",\"potentialAction\":[{\"@type\":\"ReadAction\",\"target\":[\"https:\\\/\\\/4linux.com.br\\\/cursos\\\/produto\\\/voucher-lpic-1-provas-101-102\\\/\"]}]},{\"@type\":\"ImageObject\",\"inLanguage\":\"pt-BR\",\"@id\":\"https:\\\/\\\/4linux.com.br\\\/cursos\\\/produto\\\/voucher-lpic-1-provas-101-102\\\/#primaryimage\",\"url\":\"https:\\\/\\\/4linux.com.br\\\/cursos\\\/wp-content\\\/uploads\\\/sites\\\/2\\\/2026\\\/04\\\/certificacoes-lpi_lpic-1-600x600-1.jpg\",\"contentUrl\":\"https:\\\/\\\/4linux.com.br\\\/cursos\\\/wp-content\\\/uploads\\\/sites\\\/2\\\/2026\\\/04\\\/certificacoes-lpi_lpic-1-600x600-1.jpg\",\"width\":600,\"height\":600},{\"@type\":\"BreadcrumbList\",\"@id\":\"https:\\\/\\\/4linux.com.br\\\/cursos\\\/produto\\\/voucher-lpic-1-provas-101-102\\\/#breadcrumb\",\"itemListElement\":[{\"@type\":\"ListItem\",\"position\":1,\"name\":\"Home\",\"item\":\"https:\\\/\\\/4linux.com.br\\\/cursos\\\/\"},{\"@type\":\"ListItem\",\"position\":2,\"name\":\"Loja\",\"item\":\"https:\\\/\\\/4linux.com.br\\\/cursos\\\/loja\\\/\"},{\"@type\":\"ListItem\",\"position\":3,\"name\":\"Voucher LPIC-1 \u2013 Provas 101 + 102\"}]},{\"@type\":\"WebSite\",\"@id\":\"https:\\\/\\\/4linux.com.br\\\/cursos\\\/#website\",\"url\":\"https:\\\/\\\/4linux.com.br\\\/cursos\\\/\",\"name\":\"Cursos 4Linux\",\"description\":\"Open Software Specialists\",\"potentialAction\":[{\"@type\":\"SearchAction\",\"target\":{\"@type\":\"EntryPoint\",\"urlTemplate\":\"https:\\\/\\\/4linux.com.br\\\/cursos\\\/?s={search_term_string}\"},\"query-input\":{\"@type\":\"PropertyValueSpecification\",\"valueRequired\":true,\"valueName\":\"search_term_string\"}}],\"inLanguage\":\"pt-BR\"}]}<\/script>\n<!-- \/ Yoast SEO plugin. -->","yoast_head_json":{"title":"Voucher LPIC-1 \u2013 Provas 101 + 102 - Cursos 4Linux","description":"A certifica\u00e7\u00e3o LPIC-1 ir\u00e1 validar a capacidade para executar tarefas de manuten\u00e7\u00e3o na linha de comando, instalar e configurar um computador com Linux e configurar a rede b\u00e1sica.","robots":{"index":"index","follow":"follow","max-snippet":"max-snippet:-1","max-image-preview":"max-image-preview:large","max-video-preview":"max-video-preview:-1"},"canonical":"https:\/\/4linux.com.br\/cursos\/produto\/voucher-lpic-1-provas-101-102\/","og_locale":"pt_BR","og_type":"article","og_title":"Voucher LPIC-1 \u2013 Provas 101 + 102 - Cursos 4Linux","og_description":"A certifica\u00e7\u00e3o LPIC-1 ir\u00e1 validar a capacidade para executar tarefas de manuten\u00e7\u00e3o na linha de comando, instalar e configurar um computador com Linux e configurar a rede b\u00e1sica.","og_url":"https:\/\/4linux.com.br\/cursos\/produto\/voucher-lpic-1-provas-101-102\/","og_site_name":"Cursos 4Linux","article_modified_time":"2026-04-23T15:56:50+00:00","og_image":[{"width":600,"height":600,"url":"https:\/\/4linux.com.br\/cursos\/wp-content\/uploads\/sites\/2\/2026\/04\/certificacoes-lpi_lpic-1-600x600-1.jpg","type":"image\/jpeg"}],"twitter_card":"summary_large_image","twitter_misc":{"Est. tempo de leitura":"2 minutos"},"schema":{"@context":"https:\/\/schema.org","@graph":[{"@type":"WebPage","@id":"https:\/\/4linux.com.br\/cursos\/produto\/voucher-lpic-1-provas-101-102\/","url":"https:\/\/4linux.com.br\/cursos\/produto\/voucher-lpic-1-provas-101-102\/","name":"Voucher LPIC-1 \u2013 Provas 101 + 102 - Cursos 4Linux","isPartOf":{"@id":"https:\/\/4linux.com.br\/cursos\/#website"},"primaryImageOfPage":{"@id":"https:\/\/4linux.com.br\/cursos\/produto\/voucher-lpic-1-provas-101-102\/#primaryimage"},"image":{"@id":"https:\/\/4linux.com.br\/cursos\/produto\/voucher-lpic-1-provas-101-102\/#primaryimage"},"thumbnailUrl":"https:\/\/4linux.com.br\/cursos\/wp-content\/uploads\/sites\/2\/2026\/04\/certificacoes-lpi_lpic-1-600x600-1.jpg","datePublished":"2026-04-22T13:29:22+00:00","dateModified":"2026-04-23T15:56:50+00:00","description":"A certifica\u00e7\u00e3o LPIC-1 ir\u00e1 validar a capacidade para executar tarefas de manuten\u00e7\u00e3o na linha de comando, instalar e configurar um computador com Linux e configurar a rede b\u00e1sica.","breadcrumb":{"@id":"https:\/\/4linux.com.br\/cursos\/produto\/voucher-lpic-1-provas-101-102\/#breadcrumb"},"inLanguage":"pt-BR","potentialAction":[{"@type":"ReadAction","target":["https:\/\/4linux.com.br\/cursos\/produto\/voucher-lpic-1-provas-101-102\/"]}]},{"@type":"ImageObject","inLanguage":"pt-BR","@id":"https:\/\/4linux.com.br\/cursos\/produto\/voucher-lpic-1-provas-101-102\/#primaryimage","url":"https:\/\/4linux.com.br\/cursos\/wp-content\/uploads\/sites\/2\/2026\/04\/certificacoes-lpi_lpic-1-600x600-1.jpg","contentUrl":"https:\/\/4linux.com.br\/cursos\/wp-content\/uploads\/sites\/2\/2026\/04\/certificacoes-lpi_lpic-1-600x600-1.jpg","width":600,"height":600},{"@type":"BreadcrumbList","@id":"https:\/\/4linux.com.br\/cursos\/produto\/voucher-lpic-1-provas-101-102\/#breadcrumb","itemListElement":[{"@type":"ListItem","position":1,"name":"Home","item":"https:\/\/4linux.com.br\/cursos\/"},{"@type":"ListItem","position":2,"name":"Loja","item":"https:\/\/4linux.com.br\/cursos\/loja\/"},{"@type":"ListItem","position":3,"name":"Voucher LPIC-1 \u2013 Provas 101 + 102"}]},{"@type":"WebSite","@id":"https:\/\/4linux.com.br\/cursos\/#website","url":"https:\/\/4linux.com.br\/cursos\/","name":"Cursos 4Linux","description":"Open Software Specialists","potentialAction":[{"@type":"SearchAction","target":{"@type":"EntryPoint","urlTemplate":"https:\/\/4linux.com.br\/cursos\/?s={search_term_string}"},"query-input":{"@type":"PropertyValueSpecification","valueRequired":true,"valueName":"search_term_string"}}],"inLanguage":"pt-BR"}]}},"_links":{"self":[{"href":"https:\/\/4linux.com.br\/cursos\/wp-json\/wp\/v2\/product\/42808","targetHints":{"allow":["GET"]}}],"collection":[{"href":"https:\/\/4linux.com.br\/cursos\/wp-json\/wp\/v2\/product"}],"about":[{"href":"https:\/\/4linux.com.br\/cursos\/wp-json\/wp\/v2\/types\/product"}],"replies":[{"embeddable":true,"href":"https:\/\/4linux.com.br\/cursos\/wp-json\/wp\/v2\/comments?post=42808"}],"wp:featuredmedia":[{"embeddable":true,"href":"https:\/\/4linux.com.br\/cursos\/wp-json\/wp\/v2\/media\/42847"}],"wp:attachment":[{"href":"https:\/\/4linux.com.br\/cursos\/wp-json\/wp\/v2\/media?parent=42808"}],"wp:term":[{"taxonomy":"product_brand","embeddable":true,"href":"https:\/\/4linux.com.br\/cursos\/wp-json\/wp\/v2\/product_brand?post=42808"},{"taxonomy":"product_cat","embeddable":true,"href":"https:\/\/4linux.com.br\/cursos\/wp-json\/wp\/v2\/product_cat?post=42808"},{"taxonomy":"product_tag","embeddable":true,"href":"https:\/\/4linux.com.br\/cursos\/wp-json\/wp\/v2\/product_tag?post=42808"}],"curies":[{"name":"wp","href":"https:\/\/api.w.org\/{rel}","templated":true}]}}