{"id":42818,"date":"2026-04-22T10:29:52","date_gmt":"2026-04-22T13:29:52","guid":{"rendered":"https:\/\/4linux.com.br\/cursos\/?post_type=product&#038;p=42818"},"modified":"2026-04-23T13:50:41","modified_gmt":"2026-04-23T16:50:41","slug":"voucher-prova-lpi-202","status":"publish","type":"product","link":"https:\/\/4linux.com.br\/cursos\/produto\/voucher-prova-lpi-202\/","title":{"rendered":"Voucher Prova LPI 202"},"content":{"rendered":"<p>Certifica\u00e7\u00e3o para a prova LPI 202<\/p>\n<ul>\n<li>LPI 202: Servidor de nomes de dom\u00ednio, Servi\u00e7os da Web, Compartilhamento de arquivos, gerenciamento de clientes de rede, entre outros t\u00f3picos.<\/li>\n<\/ul>\n<p><span data-sheets-value=\"{&quot;1&quot;:2,&quot;2&quot;:&quot;Este curso aborda as melhores pr\u00e1ticas para a constru\u00e7\u00e3o de um ambiente de monitoramento DevOps com as principais ferramentas Open Source do mercado, como Zabbix, Prometheus, Grafana e Graylog.&quot;}\" data-sheets-userformat=\"{&quot;2&quot;:1021,&quot;3&quot;:{&quot;1&quot;:0},&quot;5&quot;:{&quot;1&quot;:[{&quot;1&quot;:2,&quot;2&quot;:0,&quot;5&quot;:{&quot;1&quot;:2,&quot;2&quot;:0}},{&quot;1&quot;:0,&quot;2&quot;:0,&quot;3&quot;:3},{&quot;1&quot;:1,&quot;2&quot;:0,&quot;4&quot;:1}]},&quot;6&quot;:{&quot;1&quot;:[{&quot;1&quot;:2,&quot;2&quot;:0,&quot;5&quot;:{&quot;1&quot;:2,&quot;2&quot;:0}},{&quot;1&quot;:0,&quot;2&quot;:0,&quot;3&quot;:3},{&quot;1&quot;:1,&quot;2&quot;:0,&quot;4&quot;:1}]},&quot;7&quot;:{&quot;1&quot;:[{&quot;1&quot;:2,&quot;2&quot;:0,&quot;5&quot;:{&quot;1&quot;:2,&quot;2&quot;:0}},{&quot;1&quot;:0,&quot;2&quot;:0,&quot;3&quot;:3},{&quot;1&quot;:1,&quot;2&quot;:0,&quot;4&quot;:1}]},&quot;8&quot;:{&quot;1&quot;:[{&quot;1&quot;:2,&quot;2&quot;:0,&quot;5&quot;:{&quot;1&quot;:2,&quot;2&quot;:0}},{&quot;1&quot;:0,&quot;2&quot;:0,&quot;3&quot;:3},{&quot;1&quot;:1,&quot;2&quot;:0,&quot;4&quot;:1}]},&quot;9&quot;:1,&quot;10&quot;:1,&quot;11&quot;:4,&quot;12&quot;:0}\">Mais informa\u00e7\u00f5es sobre o curso: <a href=\"https:\/\/lpibrasil.com.br\/lpic-2\/\">clique aqui<\/a><\/span><\/p>\n","protected":false},"excerpt":{"rendered":"<p>Certifica\u00e7\u00e3o para a prova LPI 202 LPI 202: Servidor de nomes de dom\u00ednio, Servi\u00e7os da Web, Compartilhamento de arquivos, gerenciamento de clientes de rede, entre outros t\u00f3picos. Mais informa\u00e7\u00f5es sobre o curso: clique aqui<\/p>\n","protected":false},"featured_media":42851,"comment_status":"open","ping_status":"closed","template":"","meta":{"_acf_changed":false},"product_brand":[],"product_cat":[142],"product_tag":[],"class_list":{"0":"post-42818","1":"product","2":"type-product","3":"status-publish","4":"has-post-thumbnail","6":"product_cat-certificacao-lpi","8":"first","9":"instock","10":"shipping-taxable","11":"purchasable","12":"product-type-simple"},"acf":[],"yoast_head":"<!-- This site is optimized with the Yoast SEO plugin v27.3 - https:\/\/yoast.com\/product\/yoast-seo-wordpress\/ -->\n<title>Voucher Prova LPI 202 - Cursos 4Linux<\/title>\n<meta name=\"description\" content=\"A certifica\u00e7\u00e3o LPI 202 aborda Servidor de nomes de dom\u00ednio, Servi\u00e7os da Web, Compartilhamento de arquivos, gerenciamento de clientes de rede, entre outros t\u00f3picos.\" \/>\n<meta name=\"robots\" content=\"index, follow, max-snippet:-1, max-image-preview:large, max-video-preview:-1\" \/>\n<link rel=\"canonical\" href=\"https:\/\/4linux.com.br\/cursos\/produto\/voucher-prova-lpi-202\/\" \/>\n<meta property=\"og:locale\" content=\"pt_BR\" \/>\n<meta property=\"og:type\" content=\"article\" \/>\n<meta property=\"og:title\" content=\"Voucher Prova LPI 202 - Cursos 4Linux\" \/>\n<meta property=\"og:description\" content=\"A certifica\u00e7\u00e3o LPI 202 aborda Servidor de nomes de dom\u00ednio, Servi\u00e7os da Web, Compartilhamento de arquivos, gerenciamento de clientes de rede, entre outros t\u00f3picos.\" \/>\n<meta property=\"og:url\" content=\"https:\/\/4linux.com.br\/cursos\/produto\/voucher-prova-lpi-202\/\" \/>\n<meta property=\"og:site_name\" content=\"Cursos 4Linux\" \/>\n<meta property=\"article:modified_time\" content=\"2026-04-23T16:50:41+00:00\" \/>\n<meta property=\"og:image\" content=\"https:\/\/4linux.com.br\/cursos\/wp-content\/uploads\/sites\/2\/2026\/04\/lpic202-600x600-1.jpg\" \/>\n\t<meta property=\"og:image:width\" content=\"600\" \/>\n\t<meta property=\"og:image:height\" content=\"600\" \/>\n\t<meta property=\"og:image:type\" content=\"image\/jpeg\" \/>\n<meta name=\"twitter:card\" content=\"summary_large_image\" \/>\n<meta name=\"twitter:label1\" content=\"Est. tempo de leitura\" \/>\n\t<meta name=\"twitter:data1\" content=\"1 minuto\" \/>\n<script type=\"application\/ld+json\" class=\"yoast-schema-graph\">{\"@context\":\"https:\\\/\\\/schema.org\",\"@graph\":[{\"@type\":\"WebPage\",\"@id\":\"https:\\\/\\\/4linux.com.br\\\/cursos\\\/produto\\\/voucher-prova-lpi-202\\\/\",\"url\":\"https:\\\/\\\/4linux.com.br\\\/cursos\\\/produto\\\/voucher-prova-lpi-202\\\/\",\"name\":\"Voucher Prova LPI 202 - Cursos 4Linux\",\"isPartOf\":{\"@id\":\"https:\\\/\\\/4linux.com.br\\\/cursos\\\/#website\"},\"primaryImageOfPage\":{\"@id\":\"https:\\\/\\\/4linux.com.br\\\/cursos\\\/produto\\\/voucher-prova-lpi-202\\\/#primaryimage\"},\"image\":{\"@id\":\"https:\\\/\\\/4linux.com.br\\\/cursos\\\/produto\\\/voucher-prova-lpi-202\\\/#primaryimage\"},\"thumbnailUrl\":\"https:\\\/\\\/4linux.com.br\\\/cursos\\\/wp-content\\\/uploads\\\/sites\\\/2\\\/2026\\\/04\\\/lpic202-600x600-1.jpg\",\"datePublished\":\"2026-04-22T13:29:52+00:00\",\"dateModified\":\"2026-04-23T16:50:41+00:00\",\"description\":\"A certifica\u00e7\u00e3o LPI 202 aborda Servidor de nomes de dom\u00ednio, Servi\u00e7os da Web, Compartilhamento de arquivos, gerenciamento de clientes de rede, entre outros t\u00f3picos.\",\"breadcrumb\":{\"@id\":\"https:\\\/\\\/4linux.com.br\\\/cursos\\\/produto\\\/voucher-prova-lpi-202\\\/#breadcrumb\"},\"inLanguage\":\"pt-BR\",\"potentialAction\":[{\"@type\":\"ReadAction\",\"target\":[\"https:\\\/\\\/4linux.com.br\\\/cursos\\\/produto\\\/voucher-prova-lpi-202\\\/\"]}]},{\"@type\":\"ImageObject\",\"inLanguage\":\"pt-BR\",\"@id\":\"https:\\\/\\\/4linux.com.br\\\/cursos\\\/produto\\\/voucher-prova-lpi-202\\\/#primaryimage\",\"url\":\"https:\\\/\\\/4linux.com.br\\\/cursos\\\/wp-content\\\/uploads\\\/sites\\\/2\\\/2026\\\/04\\\/lpic202-600x600-1.jpg\",\"contentUrl\":\"https:\\\/\\\/4linux.com.br\\\/cursos\\\/wp-content\\\/uploads\\\/sites\\\/2\\\/2026\\\/04\\\/lpic202-600x600-1.jpg\",\"width\":600,\"height\":600},{\"@type\":\"BreadcrumbList\",\"@id\":\"https:\\\/\\\/4linux.com.br\\\/cursos\\\/produto\\\/voucher-prova-lpi-202\\\/#breadcrumb\",\"itemListElement\":[{\"@type\":\"ListItem\",\"position\":1,\"name\":\"Home\",\"item\":\"https:\\\/\\\/4linux.com.br\\\/cursos\\\/\"},{\"@type\":\"ListItem\",\"position\":2,\"name\":\"Loja\",\"item\":\"https:\\\/\\\/4linux.com.br\\\/cursos\\\/loja\\\/\"},{\"@type\":\"ListItem\",\"position\":3,\"name\":\"Voucher Prova LPI 202\"}]},{\"@type\":\"WebSite\",\"@id\":\"https:\\\/\\\/4linux.com.br\\\/cursos\\\/#website\",\"url\":\"https:\\\/\\\/4linux.com.br\\\/cursos\\\/\",\"name\":\"Cursos 4Linux\",\"description\":\"Open Software Specialists\",\"potentialAction\":[{\"@type\":\"SearchAction\",\"target\":{\"@type\":\"EntryPoint\",\"urlTemplate\":\"https:\\\/\\\/4linux.com.br\\\/cursos\\\/?s={search_term_string}\"},\"query-input\":{\"@type\":\"PropertyValueSpecification\",\"valueRequired\":true,\"valueName\":\"search_term_string\"}}],\"inLanguage\":\"pt-BR\"}]}<\/script>\n<!-- \/ Yoast SEO plugin. -->","yoast_head_json":{"title":"Voucher Prova LPI 202 - Cursos 4Linux","description":"A certifica\u00e7\u00e3o LPI 202 aborda Servidor de nomes de dom\u00ednio, Servi\u00e7os da Web, Compartilhamento de arquivos, gerenciamento de clientes de rede, entre outros t\u00f3picos.","robots":{"index":"index","follow":"follow","max-snippet":"max-snippet:-1","max-image-preview":"max-image-preview:large","max-video-preview":"max-video-preview:-1"},"canonical":"https:\/\/4linux.com.br\/cursos\/produto\/voucher-prova-lpi-202\/","og_locale":"pt_BR","og_type":"article","og_title":"Voucher Prova LPI 202 - Cursos 4Linux","og_description":"A certifica\u00e7\u00e3o LPI 202 aborda Servidor de nomes de dom\u00ednio, Servi\u00e7os da Web, Compartilhamento de arquivos, gerenciamento de clientes de rede, entre outros t\u00f3picos.","og_url":"https:\/\/4linux.com.br\/cursos\/produto\/voucher-prova-lpi-202\/","og_site_name":"Cursos 4Linux","article_modified_time":"2026-04-23T16:50:41+00:00","og_image":[{"width":600,"height":600,"url":"https:\/\/4linux.com.br\/cursos\/wp-content\/uploads\/sites\/2\/2026\/04\/lpic202-600x600-1.jpg","type":"image\/jpeg"}],"twitter_card":"summary_large_image","twitter_misc":{"Est. tempo de leitura":"1 minuto"},"schema":{"@context":"https:\/\/schema.org","@graph":[{"@type":"WebPage","@id":"https:\/\/4linux.com.br\/cursos\/produto\/voucher-prova-lpi-202\/","url":"https:\/\/4linux.com.br\/cursos\/produto\/voucher-prova-lpi-202\/","name":"Voucher Prova LPI 202 - Cursos 4Linux","isPartOf":{"@id":"https:\/\/4linux.com.br\/cursos\/#website"},"primaryImageOfPage":{"@id":"https:\/\/4linux.com.br\/cursos\/produto\/voucher-prova-lpi-202\/#primaryimage"},"image":{"@id":"https:\/\/4linux.com.br\/cursos\/produto\/voucher-prova-lpi-202\/#primaryimage"},"thumbnailUrl":"https:\/\/4linux.com.br\/cursos\/wp-content\/uploads\/sites\/2\/2026\/04\/lpic202-600x600-1.jpg","datePublished":"2026-04-22T13:29:52+00:00","dateModified":"2026-04-23T16:50:41+00:00","description":"A certifica\u00e7\u00e3o LPI 202 aborda Servidor de nomes de dom\u00ednio, Servi\u00e7os da Web, Compartilhamento de arquivos, gerenciamento de clientes de rede, entre outros t\u00f3picos.","breadcrumb":{"@id":"https:\/\/4linux.com.br\/cursos\/produto\/voucher-prova-lpi-202\/#breadcrumb"},"inLanguage":"pt-BR","potentialAction":[{"@type":"ReadAction","target":["https:\/\/4linux.com.br\/cursos\/produto\/voucher-prova-lpi-202\/"]}]},{"@type":"ImageObject","inLanguage":"pt-BR","@id":"https:\/\/4linux.com.br\/cursos\/produto\/voucher-prova-lpi-202\/#primaryimage","url":"https:\/\/4linux.com.br\/cursos\/wp-content\/uploads\/sites\/2\/2026\/04\/lpic202-600x600-1.jpg","contentUrl":"https:\/\/4linux.com.br\/cursos\/wp-content\/uploads\/sites\/2\/2026\/04\/lpic202-600x600-1.jpg","width":600,"height":600},{"@type":"BreadcrumbList","@id":"https:\/\/4linux.com.br\/cursos\/produto\/voucher-prova-lpi-202\/#breadcrumb","itemListElement":[{"@type":"ListItem","position":1,"name":"Home","item":"https:\/\/4linux.com.br\/cursos\/"},{"@type":"ListItem","position":2,"name":"Loja","item":"https:\/\/4linux.com.br\/cursos\/loja\/"},{"@type":"ListItem","position":3,"name":"Voucher Prova LPI 202"}]},{"@type":"WebSite","@id":"https:\/\/4linux.com.br\/cursos\/#website","url":"https:\/\/4linux.com.br\/cursos\/","name":"Cursos 4Linux","description":"Open Software Specialists","potentialAction":[{"@type":"SearchAction","target":{"@type":"EntryPoint","urlTemplate":"https:\/\/4linux.com.br\/cursos\/?s={search_term_string}"},"query-input":{"@type":"PropertyValueSpecification","valueRequired":true,"valueName":"search_term_string"}}],"inLanguage":"pt-BR"}]}},"_links":{"self":[{"href":"https:\/\/4linux.com.br\/cursos\/wp-json\/wp\/v2\/product\/42818","targetHints":{"allow":["GET"]}}],"collection":[{"href":"https:\/\/4linux.com.br\/cursos\/wp-json\/wp\/v2\/product"}],"about":[{"href":"https:\/\/4linux.com.br\/cursos\/wp-json\/wp\/v2\/types\/product"}],"replies":[{"embeddable":true,"href":"https:\/\/4linux.com.br\/cursos\/wp-json\/wp\/v2\/comments?post=42818"}],"wp:featuredmedia":[{"embeddable":true,"href":"https:\/\/4linux.com.br\/cursos\/wp-json\/wp\/v2\/media\/42851"}],"wp:attachment":[{"href":"https:\/\/4linux.com.br\/cursos\/wp-json\/wp\/v2\/media?parent=42818"}],"wp:term":[{"taxonomy":"product_brand","embeddable":true,"href":"https:\/\/4linux.com.br\/cursos\/wp-json\/wp\/v2\/product_brand?post=42818"},{"taxonomy":"product_cat","embeddable":true,"href":"https:\/\/4linux.com.br\/cursos\/wp-json\/wp\/v2\/product_cat?post=42818"},{"taxonomy":"product_tag","embeddable":true,"href":"https:\/\/4linux.com.br\/cursos\/wp-json\/wp\/v2\/product_tag?post=42818"}],"curies":[{"name":"wp","href":"https:\/\/api.w.org\/{rel}","templated":true}]}}